{"id":160,"date":"2023-01-30T09:35:03","date_gmt":"2023-01-30T09:35:03","guid":{"rendered":"https:\/\/confident-liskov.80-74-137-74.plesk.page\/?page_id=160"},"modified":"2023-01-30T10:25:08","modified_gmt":"2023-01-30T10:25:08","slug":"ethic","status":"publish","type":"page","link":"https:\/\/confident-liskov.80-74-137-74.plesk.page\/index.php\/our-world\/ethic\/","title":{"rendered":"Ethic"},"content":{"rendered":"\n<figure class=\"wp-block-image size-full is-resized\"><img loading=\"lazy\" decoding=\"async\" src=\"https:\/\/confident-liskov.80-74-137-74.plesk.page\/wp-content\/uploads\/2023\/01\/Parfum-Ingredients-Outdoor-Image.jpg\" alt=\"\" class=\"wp-image-161\" width=\"978\" height=\"734\" srcset=\"https:\/\/confident-liskov.80-74-137-74.plesk.page\/wp-content\/uploads\/2023\/01\/Parfum-Ingredients-Outdoor-Image.jpg 950w, https:\/\/confident-liskov.80-74-137-74.plesk.page\/wp-content\/uploads\/2023\/01\/Parfum-Ingredients-Outdoor-Image-300x225.jpg 300w, https:\/\/confident-liskov.80-74-137-74.plesk.page\/wp-content\/uploads\/2023\/01\/Parfum-Ingredients-Outdoor-Image-768x576.jpg 768w\" sizes=\"auto, (max-width: 978px) 100vw, 978px\" \/><\/figure>\n\n\n\n<p>Aus pers\u00f6nlicher \u00dcberzeugung haben die Gr\u00fcnder von Richard L\u00fcscher Britos grossen Wert auf ethische Pflanzenprojekte gelegt. Mit grosser Sorgfalt und Leidenschaft haben sie die einzelnen Projekte evaluiert und ausgew\u00e4hlt. Heute stehen sie mit ihrem Namen f\u00fcr die Projekte und die ethischen Terroir Perfumes.<\/p>\n\n\n\n<h2 class=\"wp-block-heading\" id=\"u5706-5\">Fair<\/h2>\n\n\n\n<p>Richard L\u00fcscher Britos bezieht die einzelnen Inhaltsstoffe der Parf\u00fcms direkt von den Bauern \u2013 nur so k\u00f6nnen sie eine faire Verg\u00fctung garantieren, die eine nachhaltige Produktion erm\u00f6glicht.<\/p>\n\n\n\n<h2 class=\"wp-block-heading\" id=\"u5706-10\">Transparent<\/h2>\n\n\n\n<p>Richard L\u00fcscher Britos entwickelt die Parf\u00fcmformel in enger Zusammenarbeit mit den Parf\u00fcmeuren. Um sicherzustellen, dass ausschliesslich nat\u00fcrliche Rohstoffe verwendet werden, werden die Parf\u00fcms in Uster von uns selbst produziert.<\/p>\n\n\n\n<h2 class=\"wp-block-heading\" id=\"u5706-15\">Nat\u00fcrlich<\/h2>\n\n\n\n<p>Die Parf\u00fcms sind zu 100% nat\u00fcrlich, frei von jeglichen synthetischen Zusatzstoffen und 75% der Rohstoffe sind aus biologischer Qualit\u00e4t.<\/p>\n","protected":false},"excerpt":{"rendered":"<p>Aus pers\u00f6nlicher \u00dcberzeugung haben die Gr\u00fcnder von Richard L\u00fcscher Britos grossen Wert auf ethische Pflanzenprojekte gelegt. Mit grosser Sorgfalt und Leidenschaft haben sie die einzelnen Projekte evaluiert und ausgew\u00e4hlt. Heute stehen sie mit ihrem Namen f\u00fcr die Projekte und die ethischen Terroir Perfumes. Fair Richard L\u00fcscher Britos bezieht die einzelnen Inhaltsstoffe der Parf\u00fcms direkt von [&hellip;]<\/p>\n","protected":false},"author":1,"featured_media":0,"parent":19,"menu_order":0,"comment_status":"closed","ping_status":"closed","template":"","meta":{"site-sidebar-layout":"default","site-content-layout":"","ast-site-content-layout":"default","site-content-style":"default","site-sidebar-style":"default","ast-global-header-display":"","ast-banner-title-visibility":"","ast-main-header-display":"","ast-hfb-above-header-display":"","ast-hfb-below-header-display":"","ast-hfb-mobile-header-display":"","site-post-title":"","ast-breadcrumbs-content":"","ast-featured-img":"","footer-sml-layout":"","ast-disable-related-posts":"","theme-transparent-header-meta":"","adv-header-id-meta":"","stick-header-meta":"","header-above-stick-meta":"","header-main-stick-meta":"","header-below-stick-meta":"","astra-migrate-meta-layouts":"default","ast-page-background-enabled":"default","ast-page-background-meta":{"desktop":{"background-color":"var(--ast-global-color-4)","background-image":"","background-repeat":"repeat","background-position":"center center","background-size":"auto","background-attachment":"scroll","background-type":"","background-media":"","overlay-type":"","overlay-color":"","overlay-opacity":"","overlay-gradient":""},"tablet":{"background-color":"","background-image":"","background-repeat":"repeat","background-position":"center center","background-size":"auto","background-attachment":"scroll","background-type":"","background-media":"","overlay-type":"","overlay-color":"","overlay-opacity":"","overlay-gradient":""},"mobile":{"background-color":"","background-image":"","background-repeat":"repeat","background-position":"center center","background-size":"auto","background-attachment":"scroll","background-type":"","background-media":"","overlay-type":"","overlay-color":"","overlay-opacity":"","overlay-gradient":""}},"ast-content-background-meta":{"desktop":{"background-color":"var(--ast-global-color-5)","background-image":"","background-repeat":"repeat","background-position":"center center","background-size":"auto","background-attachment":"scroll","background-type":"","background-media":"","overlay-type":"","overlay-color":"","overlay-opacity":"","overlay-gradient":""},"tablet":{"background-color":"var(--ast-global-color-5)","background-image":"","background-repeat":"repeat","background-position":"center center","background-size":"auto","background-attachment":"scroll","background-type":"","background-media":"","overlay-type":"","overlay-color":"","overlay-opacity":"","overlay-gradient":""},"mobile":{"background-color":"var(--ast-global-color-5)","background-image":"","background-repeat":"repeat","background-position":"center center","background-size":"auto","background-attachment":"scroll","background-type":"","background-media":"","overlay-type":"","overlay-color":"","overlay-opacity":"","overlay-gradient":""}},"footnotes":""},"class_list":["post-160","page","type-page","status-publish","hentry"],"_links":{"self":[{"href":"https:\/\/confident-liskov.80-74-137-74.plesk.page\/index.php\/wp-json\/wp\/v2\/pages\/160","targetHints":{"allow":["GET"]}}],"collection":[{"href":"https:\/\/confident-liskov.80-74-137-74.plesk.page\/index.php\/wp-json\/wp\/v2\/pages"}],"about":[{"href":"https:\/\/confident-liskov.80-74-137-74.plesk.page\/index.php\/wp-json\/wp\/v2\/types\/page"}],"author":[{"embeddable":true,"href":"https:\/\/confident-liskov.80-74-137-74.plesk.page\/index.php\/wp-json\/wp\/v2\/users\/1"}],"replies":[{"embeddable":true,"href":"https:\/\/confident-liskov.80-74-137-74.plesk.page\/index.php\/wp-json\/wp\/v2\/comments?post=160"}],"version-history":[{"count":2,"href":"https:\/\/confident-liskov.80-74-137-74.plesk.page\/index.php\/wp-json\/wp\/v2\/pages\/160\/revisions"}],"predecessor-version":[{"id":184,"href":"https:\/\/confident-liskov.80-74-137-74.plesk.page\/index.php\/wp-json\/wp\/v2\/pages\/160\/revisions\/184"}],"up":[{"embeddable":true,"href":"https:\/\/confident-liskov.80-74-137-74.plesk.page\/index.php\/wp-json\/wp\/v2\/pages\/19"}],"wp:attachment":[{"href":"https:\/\/confident-liskov.80-74-137-74.plesk.page\/index.php\/wp-json\/wp\/v2\/media?parent=160"}],"curies":[{"name":"wp","href":"https:\/\/api.w.org\/{rel}","templated":true}]}}