{"id":163,"date":"2023-01-30T09:53:20","date_gmt":"2023-01-30T09:53:20","guid":{"rendered":"https:\/\/confident-liskov.80-74-137-74.plesk.page\/?page_id=163"},"modified":"2023-01-30T10:24:22","modified_gmt":"2023-01-30T10:24:22","slug":"founder-heritage","status":"publish","type":"page","link":"https:\/\/confident-liskov.80-74-137-74.plesk.page\/index.php\/our-world\/founder-heritage\/","title":{"rendered":"Founder Heritage"},"content":{"rendered":"\n<figure class=\"wp-block-image size-large\"><img loading=\"lazy\" decoding=\"async\" width=\"1024\" height=\"695\" src=\"https:\/\/confident-liskov.80-74-137-74.plesk.page\/wp-content\/uploads\/2023\/01\/Richard-Luescher-Britos2-1024x695.jpg\" alt=\"\" class=\"wp-image-164\" srcset=\"https:\/\/confident-liskov.80-74-137-74.plesk.page\/wp-content\/uploads\/2023\/01\/Richard-Luescher-Britos2-1024x695.jpg 1024w, https:\/\/confident-liskov.80-74-137-74.plesk.page\/wp-content\/uploads\/2023\/01\/Richard-Luescher-Britos2-300x204.jpg 300w, https:\/\/confident-liskov.80-74-137-74.plesk.page\/wp-content\/uploads\/2023\/01\/Richard-Luescher-Britos2-768x521.jpg 768w, https:\/\/confident-liskov.80-74-137-74.plesk.page\/wp-content\/uploads\/2023\/01\/Richard-Luescher-Britos2.jpg 1099w\" sizes=\"auto, (max-width: 1024px) 100vw, 1024px\" \/><\/figure>\n\n\n\n<div class=\"wp-block-columns are-vertically-aligned-top is-layout-flex wp-container-core-columns-is-layout-28f84493 wp-block-columns-is-layout-flex\">\n<div class=\"wp-block-column is-vertically-aligned-top is-layout-flow wp-block-column-is-layout-flow\" style=\"padding-top:0;padding-right:0;padding-bottom:0;padding-left:0;flex-basis:33.33%\">\n<figure class=\"wp-block-image aligncenter size-full\"><img loading=\"lazy\" decoding=\"async\" width=\"88\" height=\"88\" src=\"https:\/\/confident-liskov.80-74-137-74.plesk.page\/wp-content\/uploads\/2023\/01\/malvin-stempel.jpg\" alt=\"\" class=\"wp-image-165\"\/><\/figure>\n<\/div>\n\n\n\n<div class=\"wp-block-column is-vertically-aligned-top is-layout-flow wp-block-column-is-layout-flow\" style=\"flex-basis:66.66%\">\n<p><strong>Malvin Richard <\/strong>&#8211;&nbsp; als Sohn des Parf\u00fcmeurs Jean-Claude Richard durfte Malvin schon im Kindsalter seinen Vater auf Reisen begleiten, auf denen nach aussergew\u00f6hnlichen Duftpflanzen gesucht wurde. Diese Reisen zogen Malvin fr\u00fch in den Bann von wohlriechenden Pflanzen und den verschiedenen M\u00f6glichkeiten zur Gewinnung der Essenz, welche die Grundlage der Naturparf\u00fcms bilden. Durch eigene Parf\u00fcmkreationen und eine Ausbildung in der Parf\u00fcmhauptstadt Grasse vertiefte er sein olfaktorisches Wissen. Sein Augenmerk richtete er dabei zusehends auf die Qualit\u00e4tsunterschiede von nat\u00fcrlichen Duftstoffen, die je nach Ursprungsort der Pflanze sehr unterschiedlich riechen k\u00f6nnen.<\/p>\n<\/div>\n<\/div>\n\n\n\n<div style=\"height:20px\" aria-hidden=\"true\" class=\"wp-block-spacer\"><\/div>\n\n\n\n<div class=\"wp-block-columns are-vertically-aligned-top is-layout-flex wp-container-core-columns-is-layout-28f84493 wp-block-columns-is-layout-flex\">\n<div class=\"wp-block-column is-vertically-aligned-top is-layout-flow wp-block-column-is-layout-flow\" style=\"padding-top:0;padding-right:0;padding-bottom:0;padding-left:0;flex-basis:33.33%\">\n<figure class=\"wp-block-image aligncenter size-full\"><img loading=\"lazy\" decoding=\"async\" width=\"89\" height=\"89\" src=\"https:\/\/confident-liskov.80-74-137-74.plesk.page\/wp-content\/uploads\/2023\/01\/lukas-stempel.jpg\" alt=\"\" class=\"wp-image-166\"\/><\/figure>\n<\/div>\n\n\n\n<div class=\"wp-block-column is-vertically-aligned-top is-layout-flow wp-block-column-is-layout-flow\" style=\"flex-basis:66.66%\">\n<p><strong>Lukas L\u00fcscher<\/strong> &#8211; streifte schon in seiner Kindheit stundenlang durch die Schweizer Waldlandschaft \u2013 nicht zuletzt, weil er der Sohn eines Waldforschers ist. Die unterschiedlichen Duftwelten der W\u00e4lder weckten in Lukas die Leidenschaft f\u00fcr Naturd\u00fcfte. Als Lukas im Gymnasium Malvin kennenlernte, entdeckten sie schnell das gemeinsame Interesse an D\u00fcften. Auf dieser Grundlage wurde eine langj\u00e4hrige Freundschaft geschlossen. W\u00e4hrend dem Marketingstudium begannen die beiden Duftliebhaber sich vertieft mit der Geschichte und Herstellung von Parf\u00fcms auseinanderzusetzen. Sie waren fasziniert von Parf\u00fcms, die einen einzigartigen Charakter aufweisen und durch ihre erlesenen Rohstoffe Geschichten von deren Ursprungsorten erz\u00e4hlen. Auf diese Weise verdichtete sich der Traum von Parf\u00fcms, die ausschliesslich aus nat\u00fcrlichen Komponenten in h\u00f6chster Qualit\u00e4t komponiert sind und Geschichten von einzigartigen \u201eTerroirs\u201c erz\u00e4hlen.<\/p>\n<\/div>\n<\/div>\n\n\n\n<div style=\"height:20px\" aria-hidden=\"true\" class=\"wp-block-spacer\"><\/div>\n\n\n\n<div class=\"wp-block-columns are-vertically-aligned-top is-layout-flex wp-container-core-columns-is-layout-28f84493 wp-block-columns-is-layout-flex\">\n<div class=\"wp-block-column is-vertically-aligned-top is-layout-flow wp-block-column-is-layout-flow\" style=\"padding-top:0;padding-right:0;padding-bottom:0;padding-left:0;flex-basis:33.33%\">\n<figure class=\"wp-block-image aligncenter size-full\"><img loading=\"lazy\" decoding=\"async\" width=\"89\" height=\"89\" src=\"https:\/\/confident-liskov.80-74-137-74.plesk.page\/wp-content\/uploads\/2023\/01\/serena-stempel.jpg\" alt=\"\" class=\"wp-image-167\"\/><\/figure>\n<\/div>\n\n\n\n<div class=\"wp-block-column is-vertically-aligned-top is-layout-flow wp-block-column-is-layout-flow\" style=\"flex-basis:66.66%\">\n<p><strong>Serena Britos<\/strong> \u2013 Die Eltern von Serena und Malvin sind seit Kindsalter der beiden sehr gut miteinander befreundet, und so kam es, dass Serena auf einigen Duftreisen der Familie Richard mit von der Partie war. Ihr grosses Interesse f\u00fcr Pflanzen und fremde Kulturen wurde sicherlich auch dadurch geweckt. Serena studierte Ethnobotanik und nahm danach an Feldforschungsstudien in Madagaskar und Kolumbien teil. Diese Erfahrungen pr\u00e4gten ihr Verst\u00e4ndnis f\u00fcr die komplexen Zusammenh\u00e4nge zwischen Menschen, Pflanzen und Umwelteinfl\u00fcssen, die den Charakter eines \u201eTerroir Ortes\u201c bestimmen. Sie vervollst\u00e4ndigte das Trio und erm\u00f6glichte mit ihrem Wissen und ihren F\u00e4higkeiten, den Traum in die Realit\u00e4t umzusetzen.<\/p>\n<\/div>\n<\/div>\n\n\n\n<p><\/p>\n\n\n\n<p>Nun, da Lukas und Malvin mit Serena die ideale Partnerin gefunden hatten, begaben sie sich zu dritt auf Erkundungsreisen nach einzigartigen \u201eDuft-Terroirs\u201c. Sie liessen sich dabei von ihren Instinkten, den zahlreichen Gespr\u00e4chen mit lokalen Experten und nicht zuletzt ihren Nasen leiten. Minuti\u00f6s erforschten sie die Duftpflanzen sowie auch die sie umgebenden Landschaften und kulturellen Traditionen. Damit schafften sie die Basis der \u201eTerroir Perfumes\u201c.<\/p>\n","protected":false},"excerpt":{"rendered":"<p>Malvin Richard &#8211;&nbsp; als Sohn des Parf\u00fcmeurs Jean-Claude Richard durfte Malvin schon im Kindsalter seinen Vater auf Reisen begleiten, auf denen nach aussergew\u00f6hnlichen Duftpflanzen gesucht wurde. Diese Reisen zogen Malvin fr\u00fch in den Bann von wohlriechenden Pflanzen und den verschiedenen M\u00f6glichkeiten zur Gewinnung der Essenz, welche die Grundlage der Naturparf\u00fcms bilden. Durch eigene Parf\u00fcmkreationen und [&hellip;]<\/p>\n","protected":false},"author":1,"featured_media":0,"parent":19,"menu_order":0,"comment_status":"closed","ping_status":"closed","template":"","meta":{"site-sidebar-layout":"default","site-content-layout":"","ast-site-content-layout":"default","site-content-style":"default","site-sidebar-style":"default","ast-global-header-display":"","ast-banner-title-visibility":"","ast-main-header-display":"","ast-hfb-above-header-display":"","ast-hfb-below-header-display":"","ast-hfb-mobile-header-display":"","site-post-title":"","ast-breadcrumbs-content":"","ast-featured-img":"","footer-sml-layout":"","ast-disable-related-posts":"","theme-transparent-header-meta":"","adv-header-id-meta":"","stick-header-meta":"","header-above-stick-meta":"","header-main-stick-meta":"","header-below-stick-meta":"","astra-migrate-meta-layouts":"default","ast-page-background-enabled":"default","ast-page-background-meta":{"desktop":{"background-color":"var(--ast-global-color-4)","background-image":"","background-repeat":"repeat","background-position":"center center","background-size":"auto","background-attachment":"scroll","background-type":"","background-media":"","overlay-type":"","overlay-color":"","overlay-opacity":"","overlay-gradient":""},"tablet":{"background-color":"","background-image":"","background-repeat":"repeat","background-position":"center center","background-size":"auto","background-attachment":"scroll","background-type":"","background-media":"","overlay-type":"","overlay-color":"","overlay-opacity":"","overlay-gradient":""},"mobile":{"background-color":"","background-image":"","background-repeat":"repeat","background-position":"center center","background-size":"auto","background-attachment":"scroll","background-type":"","background-media":"","overlay-type":"","overlay-color":"","overlay-opacity":"","overlay-gradient":""}},"ast-content-background-meta":{"desktop":{"background-color":"var(--ast-global-color-5)","background-image":"","background-repeat":"repeat","background-position":"center center","background-size":"auto","background-attachment":"scroll","background-type":"","background-media":"","overlay-type":"","overlay-color":"","overlay-opacity":"","overlay-gradient":""},"tablet":{"background-color":"var(--ast-global-color-5)","background-image":"","background-repeat":"repeat","background-position":"center center","background-size":"auto","background-attachment":"scroll","background-type":"","background-media":"","overlay-type":"","overlay-color":"","overlay-opacity":"","overlay-gradient":""},"mobile":{"background-color":"var(--ast-global-color-5)","background-image":"","background-repeat":"repeat","background-position":"center center","background-size":"auto","background-attachment":"scroll","background-type":"","background-media":"","overlay-type":"","overlay-color":"","overlay-opacity":"","overlay-gradient":""}},"footnotes":""},"class_list":["post-163","page","type-page","status-publish","hentry"],"_links":{"self":[{"href":"https:\/\/confident-liskov.80-74-137-74.plesk.page\/index.php\/wp-json\/wp\/v2\/pages\/163","targetHints":{"allow":["GET"]}}],"collection":[{"href":"https:\/\/confident-liskov.80-74-137-74.plesk.page\/index.php\/wp-json\/wp\/v2\/pages"}],"about":[{"href":"https:\/\/confident-liskov.80-74-137-74.plesk.page\/index.php\/wp-json\/wp\/v2\/types\/page"}],"author":[{"embeddable":true,"href":"https:\/\/confident-liskov.80-74-137-74.plesk.page\/index.php\/wp-json\/wp\/v2\/users\/1"}],"replies":[{"embeddable":true,"href":"https:\/\/confident-liskov.80-74-137-74.plesk.page\/index.php\/wp-json\/wp\/v2\/comments?post=163"}],"version-history":[{"count":4,"href":"https:\/\/confident-liskov.80-74-137-74.plesk.page\/index.php\/wp-json\/wp\/v2\/pages\/163\/revisions"}],"predecessor-version":[{"id":181,"href":"https:\/\/confident-liskov.80-74-137-74.plesk.page\/index.php\/wp-json\/wp\/v2\/pages\/163\/revisions\/181"}],"up":[{"embeddable":true,"href":"https:\/\/confident-liskov.80-74-137-74.plesk.page\/index.php\/wp-json\/wp\/v2\/pages\/19"}],"wp:attachment":[{"href":"https:\/\/confident-liskov.80-74-137-74.plesk.page\/index.php\/wp-json\/wp\/v2\/media?parent=163"}],"curies":[{"name":"wp","href":"https:\/\/api.w.org\/{rel}","templated":true}]}}