{"id":171,"date":"2023-01-30T09:55:10","date_gmt":"2023-01-30T09:55:10","guid":{"rendered":"https:\/\/confident-liskov.80-74-137-74.plesk.page\/?page_id=171"},"modified":"2023-01-30T10:25:25","modified_gmt":"2023-01-30T10:25:25","slug":"savoir-faire","status":"publish","type":"page","link":"https:\/\/confident-liskov.80-74-137-74.plesk.page\/index.php\/our-world\/savoir-faire\/","title":{"rendered":"Savoir Faire"},"content":{"rendered":"\n<figure class=\"wp-block-image size-full is-resized\"><img loading=\"lazy\" decoding=\"async\" src=\"https:\/\/confident-liskov.80-74-137-74.plesk.page\/wp-content\/uploads\/2022\/12\/duftbar.jpg\" alt=\"\" class=\"wp-image-99\" width=\"976\" height=\"663\" srcset=\"https:\/\/confident-liskov.80-74-137-74.plesk.page\/wp-content\/uploads\/2022\/12\/duftbar.jpg 757w, https:\/\/confident-liskov.80-74-137-74.plesk.page\/wp-content\/uploads\/2022\/12\/duftbar-300x204.jpg 300w\" sizes=\"auto, (max-width: 976px) 100vw, 976px\" \/><\/figure>\n\n\n\n<p>Exzellente Parf\u00fcms werden aus Duftstoffen allerh\u00f6chster Qualit\u00e4t geschaffen. Nur edle nat\u00fcrliche Duftstoffe, deren unvergleichlicher Charakter auf der Kombination von hunderten von Inhaltsstoffen beruht, die vom Ursprungsort gepr\u00e4gt sind, werden f\u00fcr ein Richard L\u00fcscher Britos Parf\u00fcm verwendet. Eine Handvoll passionierter Bauern, die ein herausragendes Verst\u00e4ndnis f\u00fcr das \u201eTerroir\u201c und die Qualit\u00e4t der Duftstoffe haben und das traditionelle Handwerk beherrschen, um diese zu extrahieren, wurden von Richard L\u00fcscher Britos als Partner ausgesucht. Sie liefern die wertvollen Rohstoffe, mit denen die \u201eTerroir Parf\u00fcms\u201c hergestellt werden.<\/p>\n\n\n\n<p>Die Veredelung von nat\u00fcrlichen Duftstoffen zu aussergew\u00f6hnlichen Parf\u00fcmkreationen stellt eine grosse Herausforderung f\u00fcr jeden Parf\u00fcmeur dar. Nat\u00fcrliche Duftstoffe verfl\u00fcchtigen sich schneller und sind aufgrund ihrer komplexen Zusammensetzung viel weniger berechenbar als ihre synthetischen Imitationen. Deshalb sind seit der Einf\u00fchrung von synthetischen Rohstoffen diejenigen Parf\u00fcmeure rar geworden, die das Handwerk der Parf\u00fcmkreation mit rein nat\u00fcrlichen Komponenten noch verstehen. Richard L\u00fcscher Britos hat diese Parf\u00fcmeure aufgesp\u00fcrt, welche diese Herausforderung mit Begeisterung in Angriff nahmen und nat\u00fcrliche Meisterwerke schufen.<\/p>\n\n\n\n<p>In Handarbeit werden die Duftstoffe von Richard L\u00fcscher Britos, einer nach dem anderen, nach geheim gehaltener Formel zusammengemischt. Damit sich diese edlen Rohstoffe zu einem Parf\u00fcm vereinen, m\u00fcssen diese vier Wochen lang ruhen. Danach werden sie mit Bio-Alkohol und Zaubernusswasser versetzt. Diese Mischung reift wiederum f\u00fcr vier Wochen zum hochkonzentrierten Parf\u00fcm. Richard L\u00fcscher Britos setzt alles daran, die h\u00f6chstm\u00f6gliche Qualit\u00e4t und Frische zu erzielen.<\/p>\n","protected":false},"excerpt":{"rendered":"<p>Exzellente Parf\u00fcms werden aus Duftstoffen allerh\u00f6chster Qualit\u00e4t geschaffen. Nur edle nat\u00fcrliche Duftstoffe, deren unvergleichlicher Charakter auf der Kombination von hunderten von Inhaltsstoffen beruht, die vom Ursprungsort gepr\u00e4gt sind, werden f\u00fcr ein Richard L\u00fcscher Britos Parf\u00fcm verwendet. Eine Handvoll passionierter Bauern, die ein herausragendes Verst\u00e4ndnis f\u00fcr das \u201eTerroir\u201c und die Qualit\u00e4t der Duftstoffe haben und das [&hellip;]<\/p>\n","protected":false},"author":1,"featured_media":0,"parent":19,"menu_order":0,"comment_status":"closed","ping_status":"closed","template":"","meta":{"site-sidebar-layout":"default","site-content-layout":"","ast-site-content-layout":"default","site-content-style":"default","site-sidebar-style":"default","ast-global-header-display":"","ast-banner-title-visibility":"","ast-main-header-display":"","ast-hfb-above-header-display":"","ast-hfb-below-header-display":"","ast-hfb-mobile-header-display":"","site-post-title":"","ast-breadcrumbs-content":"","ast-featured-img":"","footer-sml-layout":"","ast-disable-related-posts":"","theme-transparent-header-meta":"","adv-header-id-meta":"","stick-header-meta":"","header-above-stick-meta":"","header-main-stick-meta":"","header-below-stick-meta":"","astra-migrate-meta-layouts":"default","ast-page-background-enabled":"default","ast-page-background-meta":{"desktop":{"background-color":"var(--ast-global-color-4)","background-image":"","background-repeat":"repeat","background-position":"center center","background-size":"auto","background-attachment":"scroll","background-type":"","background-media":"","overlay-type":"","overlay-color":"","overlay-opacity":"","overlay-gradient":""},"tablet":{"background-color":"","background-image":"","background-repeat":"repeat","background-position":"center center","background-size":"auto","background-attachment":"scroll","background-type":"","background-media":"","overlay-type":"","overlay-color":"","overlay-opacity":"","overlay-gradient":""},"mobile":{"background-color":"","background-image":"","background-repeat":"repeat","background-position":"center center","background-size":"auto","background-attachment":"scroll","background-type":"","background-media":"","overlay-type":"","overlay-color":"","overlay-opacity":"","overlay-gradient":""}},"ast-content-background-meta":{"desktop":{"background-color":"var(--ast-global-color-5)","background-image":"","background-repeat":"repeat","background-position":"center center","background-size":"auto","background-attachment":"scroll","background-type":"","background-media":"","overlay-type":"","overlay-color":"","overlay-opacity":"","overlay-gradient":""},"tablet":{"background-color":"var(--ast-global-color-5)","background-image":"","background-repeat":"repeat","background-position":"center center","background-size":"auto","background-attachment":"scroll","background-type":"","background-media":"","overlay-type":"","overlay-color":"","overlay-opacity":"","overlay-gradient":""},"mobile":{"background-color":"var(--ast-global-color-5)","background-image":"","background-repeat":"repeat","background-position":"center center","background-size":"auto","background-attachment":"scroll","background-type":"","background-media":"","overlay-type":"","overlay-color":"","overlay-opacity":"","overlay-gradient":""}},"footnotes":""},"class_list":["post-171","page","type-page","status-publish","hentry"],"_links":{"self":[{"href":"https:\/\/confident-liskov.80-74-137-74.plesk.page\/index.php\/wp-json\/wp\/v2\/pages\/171","targetHints":{"allow":["GET"]}}],"collection":[{"href":"https:\/\/confident-liskov.80-74-137-74.plesk.page\/index.php\/wp-json\/wp\/v2\/pages"}],"about":[{"href":"https:\/\/confident-liskov.80-74-137-74.plesk.page\/index.php\/wp-json\/wp\/v2\/types\/page"}],"author":[{"embeddable":true,"href":"https:\/\/confident-liskov.80-74-137-74.plesk.page\/index.php\/wp-json\/wp\/v2\/users\/1"}],"replies":[{"embeddable":true,"href":"https:\/\/confident-liskov.80-74-137-74.plesk.page\/index.php\/wp-json\/wp\/v2\/comments?post=171"}],"version-history":[{"count":3,"href":"https:\/\/confident-liskov.80-74-137-74.plesk.page\/index.php\/wp-json\/wp\/v2\/pages\/171\/revisions"}],"predecessor-version":[{"id":186,"href":"https:\/\/confident-liskov.80-74-137-74.plesk.page\/index.php\/wp-json\/wp\/v2\/pages\/171\/revisions\/186"}],"up":[{"embeddable":true,"href":"https:\/\/confident-liskov.80-74-137-74.plesk.page\/index.php\/wp-json\/wp\/v2\/pages\/19"}],"wp:attachment":[{"href":"https:\/\/confident-liskov.80-74-137-74.plesk.page\/index.php\/wp-json\/wp\/v2\/media?parent=171"}],"curies":[{"name":"wp","href":"https:\/\/api.w.org\/{rel}","templated":true}]}}