{"id":204,"date":"2023-01-30T14:23:40","date_gmt":"2023-01-30T14:23:40","guid":{"rendered":"https:\/\/confident-liskov.80-74-137-74.plesk.page\/?page_id=204"},"modified":"2023-01-30T15:11:09","modified_gmt":"2023-01-30T15:11:09","slug":"46n-08e-schweiz-arve","status":"publish","type":"page","link":"https:\/\/confident-liskov.80-74-137-74.plesk.page\/index.php\/collection\/46n-08e-schweiz-arve\/","title":{"rendered":"46\u00b0N 08\u00b0E &#8211; Schweiz &#8211; Arve"},"content":{"rendered":"\n<div class=\"wp-block-columns are-vertically-aligned-center is-layout-flex wp-container-core-columns-is-layout-28f84493 wp-block-columns-is-layout-flex\">\n<div class=\"wp-block-column is-vertically-aligned-center is-layout-flow wp-block-column-is-layout-flow\">\n<h2 class=\"wp-block-heading\">Akkord I &#8211; Tough<\/h2>\n\n\n\n<p>Hoch oben im steilen und felsigen Gebirge des Val d\u2019Anniviers bilden die Arven den obersten Waldsaum. Auf einer H\u00f6he von 2000 m trotzten sie dem garstigen Walliser Alpenklima mit den starken Winden und den langen, kalten und schneereichen Wintern. Doch das raue Wetter geht nicht spurlos an den Arven vorbei. Die schmalen und in die H\u00f6he wachsenden Nadelb\u00e4ume, die bis zu 1000 Jahre alt werden, haben oft eindr\u00fcckliche, vom Leben gezeichnete, Wuchsformen. Im Sommer jedoch sind die Arven umgeben von blauem Enzian und pl\u00e4tschernden Gebirgsb\u00e4chen und sobald die Sonne w\u00e4rmt, verstr\u00f6men ihre Nadeln ein wunderbar frisches und aromatisches Parf\u00fcm.<\/p>\n<\/div>\n\n\n\n<div class=\"wp-block-column is-vertically-aligned-center is-layout-flow wp-block-column-is-layout-flow\">\n<figure class=\"wp-block-image size-full\"><img loading=\"lazy\" decoding=\"async\" width=\"482\" height=\"353\" src=\"https:\/\/confident-liskov.80-74-137-74.plesk.page\/wp-content\/uploads\/2023\/01\/cn1.jpg\" alt=\"\" class=\"wp-image-205\" srcset=\"https:\/\/confident-liskov.80-74-137-74.plesk.page\/wp-content\/uploads\/2023\/01\/cn1.jpg 482w, https:\/\/confident-liskov.80-74-137-74.plesk.page\/wp-content\/uploads\/2023\/01\/cn1-300x220.jpg 300w\" sizes=\"auto, (max-width: 482px) 100vw, 482px\" \/><\/figure>\n<\/div>\n<\/div>\n\n\n\n<div class=\"wp-block-columns are-vertically-aligned-center is-layout-flex wp-container-core-columns-is-layout-28f84493 wp-block-columns-is-layout-flex\">\n<div class=\"wp-block-column is-vertically-aligned-center is-layout-flow wp-block-column-is-layout-flow\">\n<figure class=\"wp-block-image size-full\"><img loading=\"lazy\" decoding=\"async\" width=\"610\" height=\"352\" src=\"https:\/\/confident-liskov.80-74-137-74.plesk.page\/wp-content\/uploads\/2023\/01\/cn2.jpg\" alt=\"\" class=\"wp-image-206\" srcset=\"https:\/\/confident-liskov.80-74-137-74.plesk.page\/wp-content\/uploads\/2023\/01\/cn2.jpg 610w, https:\/\/confident-liskov.80-74-137-74.plesk.page\/wp-content\/uploads\/2023\/01\/cn2-300x173.jpg 300w\" sizes=\"auto, (max-width: 610px) 100vw, 610px\" \/><\/figure>\n<\/div>\n\n\n\n<div class=\"wp-block-column is-vertically-aligned-center is-layout-flow wp-block-column-is-layout-flow\">\n<h2 class=\"wp-block-heading\">Akkord II &#8211; Mates<\/h2>\n\n\n\n<p id=\"u2759-5\">Trotz ihrer St\u00e4rke und Best\u00e4ndigkeit geht die Arve wichtige Lebensgemeinschaften ein.<\/p>\n\n\n\n<p id=\"u2759-7\">Der Tannenh\u00e4her, ein rabenartiger Vogel mit dunkelbraunen, weiss getupften Federn, tr\u00e4gt entscheidend zur Verj\u00fcngung des Arvenbestandes bei. W\u00e4hrend des Sommers sammelt er tausende Arvensamen und vergr\u00e4bt sie weit \u00fcber die H\u00e4nge verteilt als Wintervorrat. Aus den vom Tannenh\u00e4her vergessenen Verstecken wachsen junge Arven. So sorgt der Tannenh\u00e4her auch f\u00fcr die Ausbreitung an Orten, wo bisher keine Arven standen, etwa an unzug\u00e4nglichen Orten wie Felsvorspr\u00fcngen oder oberhalb der Baumgrenze.<\/p>\n\n\n\n<p id=\"u2759-9\">Zudem sch\u00fctzen w\u00fcrzig-erdig riechenden Flechten, die strauchartig auf der Rinde wachsen, die Arve vor Krankheiten.<\/p>\n<\/div>\n<\/div>\n\n\n\n<div class=\"wp-block-columns are-vertically-aligned-center is-layout-flex wp-container-core-columns-is-layout-28f84493 wp-block-columns-is-layout-flex\">\n<div class=\"wp-block-column is-vertically-aligned-center is-layout-flow wp-block-column-is-layout-flow\">\n<h2 class=\"wp-block-heading\">Accord III &#8211; Gentle<\/h2>\n\n\n\n<p>Eine dicke Schneedecke liegt auf den Alpweiden, von der getragenen Schneelast h\u00e4ngen die \u00c4ste der Nadelb\u00e4ume tief Richtung Boden, die Murmeltiere sind im Winterschlaf, die Zugv\u00f6gel Richtung S\u00fcden geflogen. Auch in den abgeschiedenen D\u00f6rfern im Val d\u2019Anniviers kehrt Ruhe ein. Die Abende werden in der Holzstube verbracht, in der sich der wohltuende, warme und harzige Geruch der Arvenm\u00f6bel mit der Rauchnote des Chemin\u00e9efeuers vermischt.<\/p>\n<\/div>\n\n\n\n<div class=\"wp-block-column is-vertically-aligned-center is-layout-flow wp-block-column-is-layout-flow\">\n<figure class=\"wp-block-image size-full\"><img loading=\"lazy\" decoding=\"async\" width=\"554\" height=\"458\" src=\"https:\/\/confident-liskov.80-74-137-74.plesk.page\/wp-content\/uploads\/2023\/01\/cn3.jpg\" alt=\"\" class=\"wp-image-209\" srcset=\"https:\/\/confident-liskov.80-74-137-74.plesk.page\/wp-content\/uploads\/2023\/01\/cn3.jpg 554w, https:\/\/confident-liskov.80-74-137-74.plesk.page\/wp-content\/uploads\/2023\/01\/cn3-300x248.jpg 300w\" sizes=\"auto, (max-width: 554px) 100vw, 554px\" \/><\/figure>\n<\/div>\n<\/div>\n\n\n\n<div style=\"height:30px\" aria-hidden=\"true\" class=\"wp-block-spacer\"><\/div>\n\n\n\n<div class=\"wp-block-buttons is-content-justification-center is-layout-flex wp-container-core-buttons-is-layout-a89b3969 wp-block-buttons-is-layout-flex\">\n<div class=\"wp-block-button\"><a class=\"wp-block-button__link wp-element-button\" href=\"https:\/\/www.farfalla.ch\/p\/46n-08e-schweiz-arve-natural-terroir-perfumes-p82799#tab-0\">BESTELLEN<\/a><\/div>\n<\/div>\n\n\n\n<hr class=\"wp-block-separator has-text-color has-ast-global-color-4-color has-alpha-channel-opacity has-ast-global-color-4-background-color has-background is-style-wide\"\/>\n\n\n\n<div class=\"wp-block-columns is-layout-flex wp-container-core-columns-is-layout-28f84493 wp-block-columns-is-layout-flex\">\n<div class=\"wp-block-column is-layout-flow wp-block-column-is-layout-flow\" style=\"flex-basis:66.67%\">\n<p>Der in der Parf\u00fcmhauptstadt Grasse ans\u00e4ssige Parf\u00fcmeur Jean-Claude Gigodot gilt als einer der talentiertesten Naturparf\u00fcmeure. Sein Werdegang als Parf\u00fcmeur begann 1970 in Paris. Er hatte das Gl\u00fcck von den Parf\u00fcmlegenden Edgar de Laire und Monique Schlienger ausgebildet zu werden.<\/p>\n\n\n\n<p>Nach einer Stage in New York kehrt das Jungtalent nach Europa zur\u00fcck und begann seine Parf\u00fcmlaufbahn bei Givaudan in der Schweiz, wo er f\u00fcr namhafte Marken Parf\u00fcms kreierte.<\/p>\n\n\n\n<p>Sein Herz schlug aber immer f\u00fcr die maritime Luft auf den gr\u00fcnen H\u00fcgelketten rund um Grasse, die den Blick auf das offene Meer und die C\u00f4te d\u2018Azur er\u00f6ffnen. Jean-Claude Gigodot hatte w\u00e4hrend seiner Laufbahn die Gelegenheit zahlreiche Parf\u00fcms f\u00fcr Parf\u00fcmh\u00e4user auf der ganzen Welt zu kreieren, was es ihm erm\u00f6glichte die ganze Welt zu bereisen. Auf diesen Reisen kam er in Ber\u00fchrung mit exotischen nat\u00fcrlichen Duftstoffen, die seine Laufbahn wesentlich beeinflussten. 1994 macht sich der Ma\u00eetre Parfumeur selbstst\u00e4ndig und widmet sich seiner eigentlichen Leidenschaft: den Naturparf\u00fcms<\/p>\n<\/div>\n\n\n\n<div class=\"wp-block-column is-layout-flow wp-block-column-is-layout-flow\" style=\"flex-basis:33.33%\">\n<figure class=\"wp-block-image size-full\"><img loading=\"lazy\" decoding=\"async\" width=\"248\" height=\"277\" src=\"https:\/\/confident-liskov.80-74-137-74.plesk.page\/wp-content\/uploads\/2023\/01\/Portrait.jpg\" alt=\"\" class=\"wp-image-210\"\/><\/figure>\n<\/div>\n<\/div>\n","protected":false},"excerpt":{"rendered":"<p>Akkord I &#8211; Tough Hoch oben im steilen und felsigen Gebirge des Val d\u2019Anniviers bilden die Arven den obersten Waldsaum. Auf einer H\u00f6he von 2000 m trotzten sie dem garstigen Walliser Alpenklima mit den starken Winden und den langen, kalten und schneereichen Wintern. Doch das raue Wetter geht nicht spurlos an den Arven vorbei. Die [&hellip;]<\/p>\n","protected":false},"author":1,"featured_media":0,"parent":15,"menu_order":0,"comment_status":"closed","ping_status":"closed","template":"","meta":{"site-sidebar-layout":"default","site-content-layout":"","ast-site-content-layout":"default","site-content-style":"default","site-sidebar-style":"default","ast-global-header-display":"","ast-banner-title-visibility":"","ast-main-header-display":"","ast-hfb-above-header-display":"","ast-hfb-below-header-display":"","ast-hfb-mobile-header-display":"","site-post-title":"","ast-breadcrumbs-content":"","ast-featured-img":"","footer-sml-layout":"","ast-disable-related-posts":"","theme-transparent-header-meta":"","adv-header-id-meta":"","stick-header-meta":"","header-above-stick-meta":"","header-main-stick-meta":"","header-below-stick-meta":"","astra-migrate-meta-layouts":"default","ast-page-background-enabled":"default","ast-page-background-meta":{"desktop":{"background-color":"var(--ast-global-color-4)","background-image":"","background-repeat":"repeat","background-position":"center center","background-size":"auto","background-attachment":"scroll","background-type":"","background-media":"","overlay-type":"","overlay-color":"","overlay-opacity":"","overlay-gradient":""},"tablet":{"background-color":"","background-image":"","background-repeat":"repeat","background-position":"center center","background-size":"auto","background-attachment":"scroll","background-type":"","background-media":"","overlay-type":"","overlay-color":"","overlay-opacity":"","overlay-gradient":""},"mobile":{"background-color":"","background-image":"","background-repeat":"repeat","background-position":"center center","background-size":"auto","background-attachment":"scroll","background-type":"","background-media":"","overlay-type":"","overlay-color":"","overlay-opacity":"","overlay-gradient":""}},"ast-content-background-meta":{"desktop":{"background-color":"var(--ast-global-color-5)","background-image":"","background-repeat":"repeat","background-position":"center center","background-size":"auto","background-attachment":"scroll","background-type":"","background-media":"","overlay-type":"","overlay-color":"","overlay-opacity":"","overlay-gradient":""},"tablet":{"background-color":"var(--ast-global-color-5)","background-image":"","background-repeat":"repeat","background-position":"center center","background-size":"auto","background-attachment":"scroll","background-type":"","background-media":"","overlay-type":"","overlay-color":"","overlay-opacity":"","overlay-gradient":""},"mobile":{"background-color":"var(--ast-global-color-5)","background-image":"","background-repeat":"repeat","background-position":"center center","background-size":"auto","background-attachment":"scroll","background-type":"","background-media":"","overlay-type":"","overlay-color":"","overlay-opacity":"","overlay-gradient":""}},"footnotes":""},"class_list":["post-204","page","type-page","status-publish","hentry"],"_links":{"self":[{"href":"https:\/\/confident-liskov.80-74-137-74.plesk.page\/index.php\/wp-json\/wp\/v2\/pages\/204","targetHints":{"allow":["GET"]}}],"collection":[{"href":"https:\/\/confident-liskov.80-74-137-74.plesk.page\/index.php\/wp-json\/wp\/v2\/pages"}],"about":[{"href":"https:\/\/confident-liskov.80-74-137-74.plesk.page\/index.php\/wp-json\/wp\/v2\/types\/page"}],"author":[{"embeddable":true,"href":"https:\/\/confident-liskov.80-74-137-74.plesk.page\/index.php\/wp-json\/wp\/v2\/users\/1"}],"replies":[{"embeddable":true,"href":"https:\/\/confident-liskov.80-74-137-74.plesk.page\/index.php\/wp-json\/wp\/v2\/comments?post=204"}],"version-history":[{"count":7,"href":"https:\/\/confident-liskov.80-74-137-74.plesk.page\/index.php\/wp-json\/wp\/v2\/pages\/204\/revisions"}],"predecessor-version":[{"id":250,"href":"https:\/\/confident-liskov.80-74-137-74.plesk.page\/index.php\/wp-json\/wp\/v2\/pages\/204\/revisions\/250"}],"up":[{"embeddable":true,"href":"https:\/\/confident-liskov.80-74-137-74.plesk.page\/index.php\/wp-json\/wp\/v2\/pages\/15"}],"wp:attachment":[{"href":"https:\/\/confident-liskov.80-74-137-74.plesk.page\/index.php\/wp-json\/wp\/v2\/media?parent=204"}],"curies":[{"name":"wp","href":"https:\/\/api.w.org\/{rel}","templated":true}]}}