{"id":217,"date":"2023-01-30T14:31:12","date_gmt":"2023-01-30T14:31:12","guid":{"rendered":"https:\/\/confident-liskov.80-74-137-74.plesk.page\/?page_id=217"},"modified":"2023-01-30T14:31:12","modified_gmt":"2023-01-30T14:31:12","slug":"14s-48e-madagaskar-ylang-ylang","status":"publish","type":"page","link":"https:\/\/confident-liskov.80-74-137-74.plesk.page\/index.php\/collection\/14s-48e-madagaskar-ylang-ylang\/","title":{"rendered":"14\u00b0S 48\u00b0E &#8211; Madagaskar &#8211; Ylang Ylang"},"content":{"rendered":"\n<div class=\"wp-block-columns are-vertically-aligned-center is-layout-flex wp-container-core-columns-is-layout-28f84493 wp-block-columns-is-layout-flex\">\n<div class=\"wp-block-column is-vertically-aligned-center is-layout-flow wp-block-column-is-layout-flow\">\n<h2 class=\"wp-block-heading\">Akkord I &#8211; Costal Juwel<\/h2>\n\n\n\n<p>Ylang Ylang, auch als die \u201eBlume der Blumen\u201c bezeichnet, findet in der Region Ambanja im n\u00f6rdlichen Madagaskar ein hervorragendes Terroir um ihren bet\u00e4ubenden, blumigen und leicht w\u00fcrzigen Duft optimal zu entfalten. Die grossen Bl\u00fcten mit den sechs gr\u00fcnlich-gelben, wundersch\u00f6n geschwungenen, zungenf\u00f6rmigen Bl\u00fctenbl\u00e4ttern wachsen auf immergr\u00fcnen B\u00e4umen im tropischen Regenwald. Das warme und feuchte \u00e4quatoriale Klima mit Regenw\u00e4ldern, die bis zu den Sandstr\u00e4nden reichen, die vulkanische Erde und der sandige Boden des Sambirano-Flusses machen Ambanja zum idealen Ort f\u00fcr Ylang Ylang. Die \u00fcppige Bl\u00fctentracht kann das ganze Jahr geerntet werde, um das wertvolle \u00e4therische \u00d6l zu gewinnen, das die Lebensfreude und Sinnlichkeit des Terroirs ausdr\u00fcckt.<\/p>\n<\/div>\n\n\n\n<div class=\"wp-block-column is-vertically-aligned-center is-layout-flow wp-block-column-is-layout-flow\">\n<figure class=\"wp-block-image size-full\"><img loading=\"lazy\" decoding=\"async\" width=\"433\" height=\"450\" src=\"https:\/\/confident-liskov.80-74-137-74.plesk.page\/wp-content\/uploads\/2023\/01\/yn1.jpg\" alt=\"\" class=\"wp-image-218\" srcset=\"https:\/\/confident-liskov.80-74-137-74.plesk.page\/wp-content\/uploads\/2023\/01\/yn1.jpg 433w, https:\/\/confident-liskov.80-74-137-74.plesk.page\/wp-content\/uploads\/2023\/01\/yn1-289x300.jpg 289w\" sizes=\"auto, (max-width: 433px) 100vw, 433px\" \/><\/figure>\n<\/div>\n<\/div>\n\n\n\n<div class=\"wp-block-columns are-vertically-aligned-center is-layout-flex wp-container-core-columns-is-layout-28f84493 wp-block-columns-is-layout-flex\">\n<div class=\"wp-block-column is-vertically-aligned-center is-layout-flow wp-block-column-is-layout-flow\">\n<figure class=\"wp-block-image size-full\"><img loading=\"lazy\" decoding=\"async\" width=\"616\" height=\"318\" src=\"https:\/\/confident-liskov.80-74-137-74.plesk.page\/wp-content\/uploads\/2023\/01\/yn2.jpg\" alt=\"\" class=\"wp-image-219\" srcset=\"https:\/\/confident-liskov.80-74-137-74.plesk.page\/wp-content\/uploads\/2023\/01\/yn2.jpg 616w, https:\/\/confident-liskov.80-74-137-74.plesk.page\/wp-content\/uploads\/2023\/01\/yn2-300x155.jpg 300w\" sizes=\"auto, (max-width: 616px) 100vw, 616px\" \/><\/figure>\n<\/div>\n\n\n\n<div class=\"wp-block-column is-vertically-aligned-center is-layout-flow wp-block-column-is-layout-flow\">\n<h2 class=\"wp-block-heading\">Akkord II &#8211; Biodiversity Hotspot<\/h2>\n\n\n\n<p>Der Norden Madagaskars ist gekennzeichnet von einem einzigartigen Reichtum an Biodiversit\u00e4t, die in seinen tropischen Regenw\u00e4ldern verborgen ist. Bedingt durch die lange geografische Isolation der Insel konnten sich Pflanzen und Tiere entwickeln, die weltweit einzigartig sind. Andererseits liessen sich aufgrund der strategischen Lage Madagaskars verschiedene europ\u00e4ische Seefahrerv\u00f6lker nieder, die Pflanzen aus anderen tropischen L\u00e4ndern zum Anbau importierten. So wurden verschiedene Zitrusb\u00e4ume auf der Insel angepflanzt, deren Fr\u00fcchte die Seefahrer w\u00e4hrend den langen \u00dcberfahrten nach Europa vor Skorbut bewahrten. Bei Streifz\u00fcgen durch die W\u00e4lder von Ambanja kommt es deshalb vor, dass das orientalische Duftbouquet, gepr\u00e4gt von den Ylang Ylang Bl\u00fcten und den pfeffrig riechenden rosa Schoten der Baie Rose, durch eine zart bittere und fruchtig frische Mandarinennote perfekt abgerundet wird.<\/p>\n<\/div>\n<\/div>\n\n\n\n<div class=\"wp-block-columns is-layout-flex wp-container-core-columns-is-layout-28f84493 wp-block-columns-is-layout-flex\">\n<div class=\"wp-block-column is-layout-flow wp-block-column-is-layout-flow\">\n<h2 class=\"wp-block-heading\">Akkord III &#8211; Natural Richness<\/h2>\n\n\n\n<p>In Ambanja leben vorwiegend Kleinbauern in naturverbundenen Dorfgemeinschaften, die auf bescheidenen Landfl\u00e4chen eine grosse Vielfalt an Nutzpflanzen anbauen. Zu Beginn ist es schwer, ihre Felder vom urspr\u00fcnglichen Regenwald zu unterscheiden. Erst bei n\u00e4herem Hinschauen entdeckt man fasziniert, dass vorwiegend essbare Pflanzen f\u00fcr den Eigengebrauch und den lokalen Markt, aber auch Pflanzen f\u00fcr den Export, wie Kakao, Vanille und Vetiver, auf kleinster Fl\u00e4che nebeneinander wachsen. Diese artenreiche Nutzung der \u00c4cker stabilisiert das \u00d6kosystem und erm\u00f6glicht es den Bauern, sich ein zuverl\u00e4ssigeres Einkommen zu sichern. Die Duftwelt auf den \u00c4ckern ist gepr\u00e4gt von der Freiluftfermentierung der Vanilleschoten, die die ganze Umgebung in einen s\u00fcsslich-warmen Duft einh\u00fcllt, vom erdigen und holzig-balsamischen Aroma der Vetiverdestillation und von der leicht nussigen Gourmandnote des \u00fcber dem Feuer ger\u00f6steten Mais.<\/p>\n<\/div>\n\n\n\n<div class=\"wp-block-column is-layout-flow wp-block-column-is-layout-flow\">\n<figure class=\"wp-block-image size-full\"><img loading=\"lazy\" decoding=\"async\" width=\"497\" height=\"526\" src=\"https:\/\/confident-liskov.80-74-137-74.plesk.page\/wp-content\/uploads\/2023\/01\/yn3.jpg\" alt=\"\" class=\"wp-image-220\" srcset=\"https:\/\/confident-liskov.80-74-137-74.plesk.page\/wp-content\/uploads\/2023\/01\/yn3.jpg 497w, https:\/\/confident-liskov.80-74-137-74.plesk.page\/wp-content\/uploads\/2023\/01\/yn3-283x300.jpg 283w\" sizes=\"auto, (max-width: 497px) 100vw, 497px\" \/><\/figure>\n<\/div>\n<\/div>\n\n\n\n<hr class=\"wp-block-separator has-text-color has-ast-global-color-4-color has-alpha-channel-opacity has-ast-global-color-4-background-color has-background is-style-wide\"\/>\n\n\n\n<div class=\"wp-block-columns are-vertically-aligned-top is-layout-flex wp-container-core-columns-is-layout-28f84493 wp-block-columns-is-layout-flex\">\n<div class=\"wp-block-column is-vertically-aligned-top is-layout-flow wp-block-column-is-layout-flow\">\n<figure class=\"wp-block-image size-full\"><img loading=\"lazy\" decoding=\"async\" width=\"357\" height=\"514\" src=\"https:\/\/confident-liskov.80-74-137-74.plesk.page\/wp-content\/uploads\/2023\/01\/vero-isi-im-atelier_n.jpg\" alt=\"\" class=\"wp-image-221\" srcset=\"https:\/\/confident-liskov.80-74-137-74.plesk.page\/wp-content\/uploads\/2023\/01\/vero-isi-im-atelier_n.jpg 357w, https:\/\/confident-liskov.80-74-137-74.plesk.page\/wp-content\/uploads\/2023\/01\/vero-isi-im-atelier_n-208x300.jpg 208w\" sizes=\"auto, (max-width: 357px) 100vw, 357px\" \/><\/figure>\n<\/div>\n\n\n\n<div class=\"wp-block-column is-vertically-aligned-top is-layout-flow wp-block-column-is-layout-flow\">\n<p>Vero Kern<\/p>\n\n\n\n<p>D\u00fcfte pr\u00e4gen und pr\u00e4gten Vero Kerns Erinnerungen bis in&nbsp; die fr\u00fche Kindheit. So kann sich die 1940 in Winterthur geborene Parfumeurin sehr pr\u00e4zise daran erinnern, wie es damals im Primarschulhaus w\u00e4hrend ihrer Schulzeit roch: ein eigenartiger, trockener und etwas staubiger Geruch nach Holzbleistiften und nassen Schiefertafeln, dazu die Politur der Holzb\u00f6den.<\/p>\n\n\n\n<p>Durch die urspr\u00fcngliche Ausbildung zur Pharma-Assistentin kam Vero Kern schon fr\u00fch in Kontakt mit Aromen und Duftstoffen. Diese Erfahrungen vertiefte sie w\u00e4hrend ihrer rund zehnj\u00e4hrigen pharmazeutischen Berufst\u00e4tigkeit.<\/p>\n\n\n\n<p>1994, nach einem langen beruflichen Engagement bei der Swissair, machte sich Vero Kern im Alter von 54 Jahren als Masseurin und Aromatologin selbst\u00e4ndig.<\/p>\n\n\n\n<p>Eine berufsbegleitende, zweij\u00e4hrige Ausbildung zur Aromatologin verschaffte ihr eine solide Grundlage f\u00fcr den professionellen Umgang mit nat\u00fcrlichen \u00e4therischen \u00d6len und Absolutes. Schon bald stellte Vero Kern f\u00fcr eine private Kundschaft pers\u00f6nliche Mischungen her.<\/p>\n\n\n\n<p>Ihre F\u00e4higkeiten vertiefte Vero Kern ab 1998 mit verschiedenen Lehrg\u00e4ngen, Seminaren und Kursen an einer Parfumeurschule in Paris. Leiterin und Gr\u00fcnderin der Schule war Monique Schlienger, die in den sechziger Jahren Sch\u00fclerin von Jean Carl war, einem der gr\u00f6ssten Parfumeure des letzten Jahrhunderts.<\/p>\n<\/div>\n<\/div>\n","protected":false},"excerpt":{"rendered":"<p>Akkord I &#8211; Costal Juwel Ylang Ylang, auch als die \u201eBlume der Blumen\u201c bezeichnet, findet in der Region Ambanja im n\u00f6rdlichen Madagaskar ein hervorragendes Terroir um ihren bet\u00e4ubenden, blumigen und leicht w\u00fcrzigen Duft optimal zu entfalten. Die grossen Bl\u00fcten mit den sechs gr\u00fcnlich-gelben, wundersch\u00f6n geschwungenen, zungenf\u00f6rmigen Bl\u00fctenbl\u00e4ttern wachsen auf immergr\u00fcnen B\u00e4umen im tropischen Regenwald. Das [&hellip;]<\/p>\n","protected":false},"author":1,"featured_media":0,"parent":15,"menu_order":0,"comment_status":"closed","ping_status":"closed","template":"","meta":{"site-sidebar-layout":"default","site-content-layout":"","ast-site-content-layout":"default","site-content-style":"default","site-sidebar-style":"default","ast-global-header-display":"","ast-banner-title-visibility":"","ast-main-header-display":"","ast-hfb-above-header-display":"","ast-hfb-below-header-display":"","ast-hfb-mobile-header-display":"","site-post-title":"","ast-breadcrumbs-content":"","ast-featured-img":"","footer-sml-layout":"","ast-disable-related-posts":"","theme-transparent-header-meta":"","adv-header-id-meta":"","stick-header-meta":"","header-above-stick-meta":"","header-main-stick-meta":"","header-below-stick-meta":"","astra-migrate-meta-layouts":"default","ast-page-background-enabled":"default","ast-page-background-meta":{"desktop":{"background-color":"var(--ast-global-color-4)","background-image":"","background-repeat":"repeat","background-position":"center center","background-size":"auto","background-attachment":"scroll","background-type":"","background-media":"","overlay-type":"","overlay-color":"","overlay-opacity":"","overlay-gradient":""},"tablet":{"background-color":"","background-image":"","background-repeat":"repeat","background-position":"center center","background-size":"auto","background-attachment":"scroll","background-type":"","background-media":"","overlay-type":"","overlay-color":"","overlay-opacity":"","overlay-gradient":""},"mobile":{"background-color":"","background-image":"","background-repeat":"repeat","background-position":"center center","background-size":"auto","background-attachment":"scroll","background-type":"","background-media":"","overlay-type":"","overlay-color":"","overlay-opacity":"","overlay-gradient":""}},"ast-content-background-meta":{"desktop":{"background-color":"var(--ast-global-color-5)","background-image":"","background-repeat":"repeat","background-position":"center center","background-size":"auto","background-attachment":"scroll","background-type":"","background-media":"","overlay-type":"","overlay-color":"","overlay-opacity":"","overlay-gradient":""},"tablet":{"background-color":"var(--ast-global-color-5)","background-image":"","background-repeat":"repeat","background-position":"center center","background-size":"auto","background-attachment":"scroll","background-type":"","background-media":"","overlay-type":"","overlay-color":"","overlay-opacity":"","overlay-gradient":""},"mobile":{"background-color":"var(--ast-global-color-5)","background-image":"","background-repeat":"repeat","background-position":"center center","background-size":"auto","background-attachment":"scroll","background-type":"","background-media":"","overlay-type":"","overlay-color":"","overlay-opacity":"","overlay-gradient":""}},"footnotes":""},"class_list":["post-217","page","type-page","status-publish","hentry"],"_links":{"self":[{"href":"https:\/\/confident-liskov.80-74-137-74.plesk.page\/index.php\/wp-json\/wp\/v2\/pages\/217","targetHints":{"allow":["GET"]}}],"collection":[{"href":"https:\/\/confident-liskov.80-74-137-74.plesk.page\/index.php\/wp-json\/wp\/v2\/pages"}],"about":[{"href":"https:\/\/confident-liskov.80-74-137-74.plesk.page\/index.php\/wp-json\/wp\/v2\/types\/page"}],"author":[{"embeddable":true,"href":"https:\/\/confident-liskov.80-74-137-74.plesk.page\/index.php\/wp-json\/wp\/v2\/users\/1"}],"replies":[{"embeddable":true,"href":"https:\/\/confident-liskov.80-74-137-74.plesk.page\/index.php\/wp-json\/wp\/v2\/comments?post=217"}],"version-history":[{"count":2,"href":"https:\/\/confident-liskov.80-74-137-74.plesk.page\/index.php\/wp-json\/wp\/v2\/pages\/217\/revisions"}],"predecessor-version":[{"id":223,"href":"https:\/\/confident-liskov.80-74-137-74.plesk.page\/index.php\/wp-json\/wp\/v2\/pages\/217\/revisions\/223"}],"up":[{"embeddable":true,"href":"https:\/\/confident-liskov.80-74-137-74.plesk.page\/index.php\/wp-json\/wp\/v2\/pages\/15"}],"wp:attachment":[{"href":"https:\/\/confident-liskov.80-74-137-74.plesk.page\/index.php\/wp-json\/wp\/v2\/media?parent=217"}],"curies":[{"name":"wp","href":"https:\/\/api.w.org\/{rel}","templated":true}]}}