{"id":224,"date":"2023-01-30T14:41:26","date_gmt":"2023-01-30T14:41:26","guid":{"rendered":"https:\/\/confident-liskov.80-74-137-74.plesk.page\/?page_id=224"},"modified":"2023-01-30T15:06:08","modified_gmt":"2023-01-30T15:06:08","slug":"04n-74w-kolumbien-gardenie","status":"publish","type":"page","link":"https:\/\/confident-liskov.80-74-137-74.plesk.page\/index.php\/collection\/04n-74w-kolumbien-gardenie\/","title":{"rendered":"04\u00b0N 74\u00b0W &#8211; Kolumbien &#8211; Gardenie"},"content":{"rendered":"\n<div class=\"wp-block-columns are-vertically-aligned-center is-layout-flex wp-container-core-columns-is-layout-28f84493 wp-block-columns-is-layout-flex\">\n<div class=\"wp-block-column is-vertically-aligned-center is-layout-flow wp-block-column-is-layout-flow\">\n<h2 class=\"wp-block-heading\">Akkord I &#8211; Floral Purity<\/h2>\n\n\n\n<p>Niemand wird den Moment vergessen, an dem er zum ersten Mal an einer Gardenie gerochen hat. Der pudrig-warme und s\u00fcssliche Duft ist schon fast bet\u00e4ubend. Er enstammt weissen, rosenartigen Bl\u00fcten, die an Str\u00e4uchern mit satt-gr\u00fcnen, gl\u00e4nzenden Bl\u00e4ttern wachsen. Die Gardenie liebt&nbsp; W\u00e4rme und Feuchtigkeit und findet in den H\u00fcgeln der Region Fusagasuga in Kolumbien das perfekte Terroir. Dort trifft die sinkende Kaltluft des Andenhochplateaus auf die aufsteigende warme Luft der Regenw\u00e4ldern und bringt die Gardenien zum erbl\u00fchen.<\/p>\n<\/div>\n\n\n\n<div class=\"wp-block-column is-vertically-aligned-center is-layout-flow wp-block-column-is-layout-flow\">\n<figure class=\"wp-block-image size-full\"><img loading=\"lazy\" decoding=\"async\" width=\"548\" height=\"470\" src=\"https:\/\/confident-liskov.80-74-137-74.plesk.page\/wp-content\/uploads\/2023\/01\/gn1.jpg\" alt=\"\" class=\"wp-image-225\" srcset=\"https:\/\/confident-liskov.80-74-137-74.plesk.page\/wp-content\/uploads\/2023\/01\/gn1.jpg 548w, https:\/\/confident-liskov.80-74-137-74.plesk.page\/wp-content\/uploads\/2023\/01\/gn1-300x257.jpg 300w\" sizes=\"auto, (max-width: 548px) 100vw, 548px\" \/><\/figure>\n<\/div>\n<\/div>\n\n\n\n<div class=\"wp-block-columns is-layout-flex wp-container-core-columns-is-layout-28f84493 wp-block-columns-is-layout-flex\">\n<div class=\"wp-block-column is-vertically-aligned-center is-layout-flow wp-block-column-is-layout-flow\">\n<figure class=\"wp-block-image size-full\"><img loading=\"lazy\" decoding=\"async\" width=\"442\" height=\"248\" src=\"https:\/\/confident-liskov.80-74-137-74.plesk.page\/wp-content\/uploads\/2023\/01\/gn2.jpg\" alt=\"\" class=\"wp-image-226\" srcset=\"https:\/\/confident-liskov.80-74-137-74.plesk.page\/wp-content\/uploads\/2023\/01\/gn2.jpg 442w, https:\/\/confident-liskov.80-74-137-74.plesk.page\/wp-content\/uploads\/2023\/01\/gn2-300x168.jpg 300w\" sizes=\"auto, (max-width: 442px) 100vw, 442px\" \/><\/figure>\n<\/div>\n\n\n\n<div class=\"wp-block-column is-layout-flow wp-block-column-is-layout-flow\">\n<h2 class=\"wp-block-heading\">Akkord II &#8211; Tropical Garden<\/h2>\n\n\n\n<p>Mitten im krisengesch\u00fcttelten Kolumbien befindet sich ein paradiesischer Garten. Er liegt in Fusagasuga, in den Ausl\u00e4ufern der Anden, in denen der Einfluss des warmen und feuchten tropischen Klimas der Meeresh\u00f6he sp\u00fcrbar wird. Der Garten ist eine einmalige Explosion von Farben und D\u00fcften. Verschiedene Gr\u00fcnt\u00f6ne, in denen tropische Blumen in allen erdenklichen Farbt\u00f6nen und Bl\u00fctenformen erbl\u00fchen. Orchideen, Rosen, Lilien und Hyazinthen vereinen sich zu einem einzigartigen floralen Duftbouquet, das von honig-s\u00fcssen \u00fcber frischere laubartige bis zu Vanille \u00e4hnliche Duftnoten beinhaltet.<\/p>\n<\/div>\n<\/div>\n\n\n\n<div class=\"wp-block-columns are-vertically-aligned-center is-layout-flex wp-container-core-columns-is-layout-28f84493 wp-block-columns-is-layout-flex\">\n<div class=\"wp-block-column is-vertically-aligned-center is-layout-flow wp-block-column-is-layout-flow\">\n<h2 class=\"wp-block-heading\">Akkord III &#8211; Dancing in Colombia<\/h2>\n\n\n\n<p>Schon Botero widmete eines seiner Gem\u00e4lde \u201eDancing in Colombia\u201c den lebhaften kolumbianischen Kaffeeh\u00e4usern. Temperamentvolle Musik, leidenschaftliche T\u00e4nzer und ein fruchtig s\u00fcsser Kaffeeduft geben ihnen ihren ganz eigenen Charakter. Der Anbau des Arabica Kaffees im Hochland sowie die Kaffeh\u00e4user, in denen er getrunken wird, sind fest in der kolumbianischen Kultur verankert.<\/p>\n<\/div>\n\n\n\n<div class=\"wp-block-column is-vertically-aligned-center is-layout-flow wp-block-column-is-layout-flow\">\n<figure class=\"wp-block-image size-full\"><img loading=\"lazy\" decoding=\"async\" width=\"534\" height=\"358\" src=\"https:\/\/confident-liskov.80-74-137-74.plesk.page\/wp-content\/uploads\/2023\/01\/gn3.jpg\" alt=\"\" class=\"wp-image-227\" srcset=\"https:\/\/confident-liskov.80-74-137-74.plesk.page\/wp-content\/uploads\/2023\/01\/gn3.jpg 534w, https:\/\/confident-liskov.80-74-137-74.plesk.page\/wp-content\/uploads\/2023\/01\/gn3-300x201.jpg 300w\" sizes=\"auto, (max-width: 534px) 100vw, 534px\" \/><\/figure>\n<\/div>\n<\/div>\n\n\n\n<div style=\"height:30px\" aria-hidden=\"true\" class=\"wp-block-spacer\"><\/div>\n\n\n\n<div class=\"wp-block-buttons is-content-justification-center is-layout-flex wp-container-core-buttons-is-layout-a89b3969 wp-block-buttons-is-layout-flex\">\n<div class=\"wp-block-button\"><a class=\"wp-block-button__link wp-element-button\" href=\"https:\/\/www.farfalla.ch\/p\/04n-74w-kolumbien-gardenie-natural-terroir-perfumes-p82797#tab-0\">BESTELLEN<\/a><\/div>\n<\/div>\n\n\n\n<hr class=\"wp-block-separator has-text-color has-ast-global-color-4-color has-alpha-channel-opacity has-ast-global-color-4-background-color has-background is-style-wide\"\/>\n\n\n\n<div class=\"wp-block-columns is-layout-flex wp-container-core-columns-is-layout-28f84493 wp-block-columns-is-layout-flex\">\n<div class=\"wp-block-column is-layout-flow wp-block-column-is-layout-flow\">\n<figure class=\"wp-block-image size-full\"><img loading=\"lazy\" decoding=\"async\" width=\"366\" height=\"366\" src=\"https:\/\/confident-liskov.80-74-137-74.plesk.page\/wp-content\/uploads\/2023\/01\/j-c_richard2.jpg\" alt=\"\" class=\"wp-image-228\" srcset=\"https:\/\/confident-liskov.80-74-137-74.plesk.page\/wp-content\/uploads\/2023\/01\/j-c_richard2.jpg 366w, https:\/\/confident-liskov.80-74-137-74.plesk.page\/wp-content\/uploads\/2023\/01\/j-c_richard2-300x300.jpg 300w, https:\/\/confident-liskov.80-74-137-74.plesk.page\/wp-content\/uploads\/2023\/01\/j-c_richard2-150x150.jpg 150w\" sizes=\"auto, (max-width: 366px) 100vw, 366px\" \/><\/figure>\n<\/div>\n\n\n\n<div class=\"wp-block-column is-layout-flow wp-block-column-is-layout-flow\">\n<p>Jean-Claude Richard<\/p>\n\n\n\n<p>Zuerst aus purer Faszination, sp\u00e4ter als Berufung.<\/p>\n\n\n\n<p>Viel auf Reisen begegnete Jean-Claude Richard unterschiedlichsten Kulturen und Landschaften, deren D\u00fcfte ihn nicht mehr losliessen. Was als Leidenschaft im stillen Duftk\u00e4mmerchen mit einfachen Parf\u00fcmmischungen angefangen hat, entwickelte sich zur Parf\u00fcmeur Berufung. 1982 gr\u00fcndete er mit drei Schulfreunden zusammen eine eigene Kosmetik und Parf\u00fcmfirma, in welcher er sich passioniert der Kreation von Parf\u00fcms widmet. Neben dem t\u00e4glichen Umgang mit den Naturstoffen hat er sich vertiefte Kenntnisse bei Ausbildungen mit Valerie Worwood und Shirley Price erworben. Sp\u00e4ter folgte eine 3-j\u00e4hrige Ausbildung zum Aromatologen und Osmologen.<\/p>\n\n\n\n<p>Seit \u00fcber 30 Jahren befasst sich Jean-Claude Richard mit nat\u00fcrlichen Duftstoffen und veredelt diese in kostbare Naturparf\u00fcms. So entstanden zahlreiche Parf\u00fcmkunstwerke f\u00fcr die eigene Firma und namhafte Luxushotels, immer unter dem Leitsatz \u201eD\u00fcfte sind pure Magie\u201c.<\/p>\n<\/div>\n<\/div>\n","protected":false},"excerpt":{"rendered":"<p>Akkord I &#8211; Floral Purity Niemand wird den Moment vergessen, an dem er zum ersten Mal an einer Gardenie gerochen hat. Der pudrig-warme und s\u00fcssliche Duft ist schon fast bet\u00e4ubend. Er enstammt weissen, rosenartigen Bl\u00fcten, die an Str\u00e4uchern mit satt-gr\u00fcnen, gl\u00e4nzenden Bl\u00e4ttern wachsen. Die Gardenie liebt&nbsp; W\u00e4rme und Feuchtigkeit und findet in den H\u00fcgeln der [&hellip;]<\/p>\n","protected":false},"author":1,"featured_media":0,"parent":15,"menu_order":0,"comment_status":"closed","ping_status":"closed","template":"","meta":{"site-sidebar-layout":"default","site-content-layout":"","ast-site-content-layout":"default","site-content-style":"default","site-sidebar-style":"default","ast-global-header-display":"","ast-banner-title-visibility":"","ast-main-header-display":"","ast-hfb-above-header-display":"","ast-hfb-below-header-display":"","ast-hfb-mobile-header-display":"","site-post-title":"","ast-breadcrumbs-content":"","ast-featured-img":"","footer-sml-layout":"","ast-disable-related-posts":"","theme-transparent-header-meta":"","adv-header-id-meta":"","stick-header-meta":"","header-above-stick-meta":"","header-main-stick-meta":"","header-below-stick-meta":"","astra-migrate-meta-layouts":"default","ast-page-background-enabled":"default","ast-page-background-meta":{"desktop":{"background-color":"var(--ast-global-color-4)","background-image":"","background-repeat":"repeat","background-position":"center center","background-size":"auto","background-attachment":"scroll","background-type":"","background-media":"","overlay-type":"","overlay-color":"","overlay-opacity":"","overlay-gradient":""},"tablet":{"background-color":"","background-image":"","background-repeat":"repeat","background-position":"center center","background-size":"auto","background-attachment":"scroll","background-type":"","background-media":"","overlay-type":"","overlay-color":"","overlay-opacity":"","overlay-gradient":""},"mobile":{"background-color":"","background-image":"","background-repeat":"repeat","background-position":"center center","background-size":"auto","background-attachment":"scroll","background-type":"","background-media":"","overlay-type":"","overlay-color":"","overlay-opacity":"","overlay-gradient":""}},"ast-content-background-meta":{"desktop":{"background-color":"var(--ast-global-color-5)","background-image":"","background-repeat":"repeat","background-position":"center center","background-size":"auto","background-attachment":"scroll","background-type":"","background-media":"","overlay-type":"","overlay-color":"","overlay-opacity":"","overlay-gradient":""},"tablet":{"background-color":"var(--ast-global-color-5)","background-image":"","background-repeat":"repeat","background-position":"center center","background-size":"auto","background-attachment":"scroll","background-type":"","background-media":"","overlay-type":"","overlay-color":"","overlay-opacity":"","overlay-gradient":""},"mobile":{"background-color":"var(--ast-global-color-5)","background-image":"","background-repeat":"repeat","background-position":"center center","background-size":"auto","background-attachment":"scroll","background-type":"","background-media":"","overlay-type":"","overlay-color":"","overlay-opacity":"","overlay-gradient":""}},"footnotes":""},"class_list":["post-224","page","type-page","status-publish","hentry"],"_links":{"self":[{"href":"https:\/\/confident-liskov.80-74-137-74.plesk.page\/index.php\/wp-json\/wp\/v2\/pages\/224","targetHints":{"allow":["GET"]}}],"collection":[{"href":"https:\/\/confident-liskov.80-74-137-74.plesk.page\/index.php\/wp-json\/wp\/v2\/pages"}],"about":[{"href":"https:\/\/confident-liskov.80-74-137-74.plesk.page\/index.php\/wp-json\/wp\/v2\/types\/page"}],"author":[{"embeddable":true,"href":"https:\/\/confident-liskov.80-74-137-74.plesk.page\/index.php\/wp-json\/wp\/v2\/users\/1"}],"replies":[{"embeddable":true,"href":"https:\/\/confident-liskov.80-74-137-74.plesk.page\/index.php\/wp-json\/wp\/v2\/comments?post=224"}],"version-history":[{"count":4,"href":"https:\/\/confident-liskov.80-74-137-74.plesk.page\/index.php\/wp-json\/wp\/v2\/pages\/224\/revisions"}],"predecessor-version":[{"id":246,"href":"https:\/\/confident-liskov.80-74-137-74.plesk.page\/index.php\/wp-json\/wp\/v2\/pages\/224\/revisions\/246"}],"up":[{"embeddable":true,"href":"https:\/\/confident-liskov.80-74-137-74.plesk.page\/index.php\/wp-json\/wp\/v2\/pages\/15"}],"wp:attachment":[{"href":"https:\/\/confident-liskov.80-74-137-74.plesk.page\/index.php\/wp-json\/wp\/v2\/media?parent=224"}],"curies":[{"name":"wp","href":"https:\/\/api.w.org\/{rel}","templated":true}]}}