{"id":251,"date":"2023-01-30T15:16:03","date_gmt":"2023-01-30T15:16:03","guid":{"rendered":"https:\/\/confident-liskov.80-74-137-74.plesk.page\/?page_id=251"},"modified":"2023-01-30T15:16:04","modified_gmt":"2023-01-30T15:16:04","slug":"44n-03e-frankreich-wilder-berglavendel","status":"publish","type":"page","link":"https:\/\/confident-liskov.80-74-137-74.plesk.page\/index.php\/collection\/44n-03e-frankreich-wilder-berglavendel\/","title":{"rendered":"44\u00b0N 03\u00b0E &#8211; Frankreich &#8211; Wilder Berglavendel"},"content":{"rendered":"\n<div class=\"wp-block-columns are-vertically-aligned-center is-layout-flex wp-container-core-columns-is-layout-28f84493 wp-block-columns-is-layout-flex\">\n<div class=\"wp-block-column is-vertically-aligned-center is-layout-flow wp-block-column-is-layout-flow\">\n<h2 class=\"wp-block-heading\" id=\"u2752-2\">Akkord I &#8211; Intense Violet<\/h2>\n\n\n\n<p id=\"u2752-5\">Schon von weitem sieht man einen violetten Flickenteppich \u00fcber dem sonst kargen Hochland der Causse M\u00e9jean in S\u00fcdfrankreich ausgebreitet. Kommt man n\u00e4her, merkt man, dass die violetten Flecken aus tausenden B\u00fcschel wildem Berglavendel bestehen, die ein unglaublich fruchtig-frisches und zugleich herb-florales Parf\u00fcm verstr\u00f6men. Der wilde Berglavendel hat sich dem rauen Klima der Cevennen angepasst. Er w\u00e4chst in der mageren Erde auf \u00fcber 1000 m H\u00f6he, wo die Sonne die umliegenden kalkhaltigen Steine erw\u00e4rmt und wo ein stetiger, von der Meeresluft ges\u00e4ttigter, starker Wind bl\u00e4st.<\/p>\n<\/div>\n\n\n\n<div class=\"wp-block-column is-vertically-aligned-center is-layout-flow wp-block-column-is-layout-flow\">\n<figure class=\"wp-block-image size-full\"><img loading=\"lazy\" decoding=\"async\" width=\"478\" height=\"402\" src=\"https:\/\/confident-liskov.80-74-137-74.plesk.page\/wp-content\/uploads\/2023\/01\/ln1.jpg\" alt=\"\" class=\"wp-image-252\" srcset=\"https:\/\/confident-liskov.80-74-137-74.plesk.page\/wp-content\/uploads\/2023\/01\/ln1.jpg 478w, https:\/\/confident-liskov.80-74-137-74.plesk.page\/wp-content\/uploads\/2023\/01\/ln1-300x252.jpg 300w\" sizes=\"auto, (max-width: 478px) 100vw, 478px\" \/><\/figure>\n<\/div>\n<\/div>\n\n\n\n<div class=\"wp-block-columns are-vertically-aligned-center is-layout-flex wp-container-core-columns-is-layout-28f84493 wp-block-columns-is-layout-flex\">\n<div class=\"wp-block-column is-vertically-aligned-center is-layout-flow wp-block-column-is-layout-flow\">\n<figure class=\"wp-block-image size-full\"><img loading=\"lazy\" decoding=\"async\" width=\"487\" height=\"285\" src=\"https:\/\/confident-liskov.80-74-137-74.plesk.page\/wp-content\/uploads\/2023\/01\/ln2.jpg\" alt=\"\" class=\"wp-image-253\" srcset=\"https:\/\/confident-liskov.80-74-137-74.plesk.page\/wp-content\/uploads\/2023\/01\/ln2.jpg 487w, https:\/\/confident-liskov.80-74-137-74.plesk.page\/wp-content\/uploads\/2023\/01\/ln2-300x176.jpg 300w\" sizes=\"auto, (max-width: 487px) 100vw, 487px\" \/><\/figure>\n<\/div>\n\n\n\n<div class=\"wp-block-column is-vertically-aligned-center is-layout-flow wp-block-column-is-layout-flow\">\n<h2 class=\"wp-block-heading\">Akkord II &#8211; Mystic Wilderness<\/h2>\n\n\n\n<p>Wild weidende Schafe bestimmen die karge Landschaft der Causse M\u00e9jean in den Cevennen. Die Hirten ziehen mit ihren Schafherden und ihren Hunden alleine durch die einsamen, steinigen Hochebenen, in denen kleine Schwarzkiefer und Str\u00e4ucher die einzigen Schattenspender sind. Die Schafe ern\u00e4hren sich haupts\u00e4chlich von wildwachsenden Kr\u00e4utern, fressen aber auch die jungen Triebe der Schwarzkiefer, was eine fl\u00e4chendeckende Bewaldung eingrenzt und sonnenliebenden Duftpflanzen Platz schafft um sich zu verbreiten. So entsteht die einzigartige Duftwelt der Causse M\u00e9jean, in der sich das Aroma des w\u00fcrzigen Harz der Schwarzkiefer mit dem s\u00fcsslichen Parf\u00fcm des Berglavendels und dem gr\u00fcnen, fruchtigen Duft des Wacholders vereint.<\/p>\n<\/div>\n<\/div>\n\n\n\n<div class=\"wp-block-columns are-vertically-aligned-center is-layout-flex wp-container-core-columns-is-layout-28f84493 wp-block-columns-is-layout-flex\">\n<div class=\"wp-block-column is-vertically-aligned-center is-layout-flow wp-block-column-is-layout-flow\">\n<h2 class=\"wp-block-heading\">Akkord III &#8211; Authenticity<\/h2>\n\n\n\n<p>Sobald die Sonne ihren Zenit erreicht hat und der Wind die heisse, marine Luft auf die Causse M\u00e9jean tr\u00e4gt, wird das meditative Pfl\u00fccken des wilden Berglavendels unterbrochen. Die kleinen Handsicheln werden weggelegt, die Sammelt\u00fccher auf dem Boden ausgebreitet und ein Platz im Schatten einer Pinie gesucht, um sich in der gr\u00f6ssten Hitze des Tages etwas auszuruhen. Die vom Leben und der harten Arbeit gepr\u00e4gten Pfl\u00fcckerinnen erz\u00e4hlen sich Neuigkeiten aus den umliegenden D\u00f6rfern und philosophieren \u00fcber das Leben. Selbstgemachte Marrons Glac\u00e9s werden herumgereicht und der vorbeiziehende Hirte wird eingeladen, mit ihnen zu speisen. Die mit Zucker und Vanille glasierten Kastanien haben einen zarten und leicht exotischen Geschmack und zergehen auf der Zunge.<\/p>\n<\/div>\n\n\n\n<div class=\"wp-block-column is-vertically-aligned-center is-layout-flow wp-block-column-is-layout-flow\">\n<figure class=\"wp-block-image size-full\"><img loading=\"lazy\" decoding=\"async\" width=\"442\" height=\"394\" src=\"https:\/\/confident-liskov.80-74-137-74.plesk.page\/wp-content\/uploads\/2023\/01\/ln3443x395.jpg\" alt=\"\" class=\"wp-image-254\" srcset=\"https:\/\/confident-liskov.80-74-137-74.plesk.page\/wp-content\/uploads\/2023\/01\/ln3443x395.jpg 442w, https:\/\/confident-liskov.80-74-137-74.plesk.page\/wp-content\/uploads\/2023\/01\/ln3443x395-300x267.jpg 300w\" sizes=\"auto, (max-width: 442px) 100vw, 442px\" \/><\/figure>\n<\/div>\n<\/div>\n\n\n\n<hr class=\"wp-block-separator has-text-color has-ast-global-color-4-color has-alpha-channel-opacity has-ast-global-color-4-background-color has-background is-style-wide\"\/>\n\n\n\n<div class=\"wp-block-columns is-layout-flex wp-container-core-columns-is-layout-28f84493 wp-block-columns-is-layout-flex\">\n<div class=\"wp-block-column is-layout-flow wp-block-column-is-layout-flow\">\n<figure class=\"wp-block-image size-full\"><img loading=\"lazy\" decoding=\"async\" width=\"376\" height=\"249\" src=\"https:\/\/confident-liskov.80-74-137-74.plesk.page\/wp-content\/uploads\/2023\/01\/inspiration1.jpg\" alt=\"\" class=\"wp-image-255\" srcset=\"https:\/\/confident-liskov.80-74-137-74.plesk.page\/wp-content\/uploads\/2023\/01\/inspiration1.jpg 376w, https:\/\/confident-liskov.80-74-137-74.plesk.page\/wp-content\/uploads\/2023\/01\/inspiration1-300x199.jpg 300w\" sizes=\"auto, (max-width: 376px) 100vw, 376px\" \/><\/figure>\n<\/div>\n\n\n\n<div class=\"wp-block-column is-layout-flow wp-block-column-is-layout-flow\">\n<p>Andy Tauer kam vor etwa 10 Jahren zur Parf\u00fcmerie, und auf der Suche nach dem perfekten, dem sch\u00f6nen, dem spannenden Duft komponierte er f\u00fcr sich und seine Freunde. Sein Ausgangspunkt war die Naturparf\u00fcmerie. Begeistert von duftenden Rohmaterialien brachte er sich das Metier des Parf\u00fcmeurs bei.<\/p>\n\n\n\n<p>Mehr aus Zufall denn aus Plan fand er den Weg in den Markt und begann D\u00fcfte f\u00fcr ein breiteres Publikum zu kreieren. Er studierte urspr\u00fcnglich Chemie und beendete seine akademische Schulung mit einem Doktortitel der ETH Z\u00fcrich. Das Chemiestudium lehrte ihn nicht viel \u00fcber Parf\u00fcmerie, aber es half sp\u00e4ter in Strukturen und Formeln zu denken. Vor dem Studium in Z\u00fcrich lebte er auf dem Land in der Schweiz, in einem kleinen Dorf wo er 1964 geboren wurde.<\/p>\n\n\n\n<p>Was Andy Tauer&#8217;s D\u00fcfte auszeichnet l\u00e4sst sich nur schwer in Worte fassen: Die Liebe zum Detail, die Freude an nat\u00fcrlichen Duftstoffen, die Inspiration durch die Natur, die Verbindung von Natur und von Menschenhand geschaffenen Komponenten in Harmonie, der Wunsch duftende Bilder zu gestalten.<\/p>\n<\/div>\n<\/div>\n","protected":false},"excerpt":{"rendered":"<p>Akkord I &#8211; Intense Violet Schon von weitem sieht man einen violetten Flickenteppich \u00fcber dem sonst kargen Hochland der Causse M\u00e9jean in S\u00fcdfrankreich ausgebreitet. Kommt man n\u00e4her, merkt man, dass die violetten Flecken aus tausenden B\u00fcschel wildem Berglavendel bestehen, die ein unglaublich fruchtig-frisches und zugleich herb-florales Parf\u00fcm verstr\u00f6men. Der wilde Berglavendel hat sich dem rauen [&hellip;]<\/p>\n","protected":false},"author":1,"featured_media":0,"parent":15,"menu_order":0,"comment_status":"closed","ping_status":"closed","template":"","meta":{"site-sidebar-layout":"default","site-content-layout":"","ast-site-content-layout":"default","site-content-style":"default","site-sidebar-style":"default","ast-global-header-display":"","ast-banner-title-visibility":"","ast-main-header-display":"","ast-hfb-above-header-display":"","ast-hfb-below-header-display":"","ast-hfb-mobile-header-display":"","site-post-title":"","ast-breadcrumbs-content":"","ast-featured-img":"","footer-sml-layout":"","ast-disable-related-posts":"","theme-transparent-header-meta":"","adv-header-id-meta":"","stick-header-meta":"","header-above-stick-meta":"","header-main-stick-meta":"","header-below-stick-meta":"","astra-migrate-meta-layouts":"default","ast-page-background-enabled":"default","ast-page-background-meta":{"desktop":{"background-color":"var(--ast-global-color-4)","background-image":"","background-repeat":"repeat","background-position":"center center","background-size":"auto","background-attachment":"scroll","background-type":"","background-media":"","overlay-type":"","overlay-color":"","overlay-opacity":"","overlay-gradient":""},"tablet":{"background-color":"","background-image":"","background-repeat":"repeat","background-position":"center center","background-size":"auto","background-attachment":"scroll","background-type":"","background-media":"","overlay-type":"","overlay-color":"","overlay-opacity":"","overlay-gradient":""},"mobile":{"background-color":"","background-image":"","background-repeat":"repeat","background-position":"center center","background-size":"auto","background-attachment":"scroll","background-type":"","background-media":"","overlay-type":"","overlay-color":"","overlay-opacity":"","overlay-gradient":""}},"ast-content-background-meta":{"desktop":{"background-color":"var(--ast-global-color-5)","background-image":"","background-repeat":"repeat","background-position":"center center","background-size":"auto","background-attachment":"scroll","background-type":"","background-media":"","overlay-type":"","overlay-color":"","overlay-opacity":"","overlay-gradient":""},"tablet":{"background-color":"var(--ast-global-color-5)","background-image":"","background-repeat":"repeat","background-position":"center center","background-size":"auto","background-attachment":"scroll","background-type":"","background-media":"","overlay-type":"","overlay-color":"","overlay-opacity":"","overlay-gradient":""},"mobile":{"background-color":"var(--ast-global-color-5)","background-image":"","background-repeat":"repeat","background-position":"center center","background-size":"auto","background-attachment":"scroll","background-type":"","background-media":"","overlay-type":"","overlay-color":"","overlay-opacity":"","overlay-gradient":""}},"footnotes":""},"class_list":["post-251","page","type-page","status-publish","hentry"],"_links":{"self":[{"href":"https:\/\/confident-liskov.80-74-137-74.plesk.page\/index.php\/wp-json\/wp\/v2\/pages\/251","targetHints":{"allow":["GET"]}}],"collection":[{"href":"https:\/\/confident-liskov.80-74-137-74.plesk.page\/index.php\/wp-json\/wp\/v2\/pages"}],"about":[{"href":"https:\/\/confident-liskov.80-74-137-74.plesk.page\/index.php\/wp-json\/wp\/v2\/types\/page"}],"author":[{"embeddable":true,"href":"https:\/\/confident-liskov.80-74-137-74.plesk.page\/index.php\/wp-json\/wp\/v2\/users\/1"}],"replies":[{"embeddable":true,"href":"https:\/\/confident-liskov.80-74-137-74.plesk.page\/index.php\/wp-json\/wp\/v2\/comments?post=251"}],"version-history":[{"count":1,"href":"https:\/\/confident-liskov.80-74-137-74.plesk.page\/index.php\/wp-json\/wp\/v2\/pages\/251\/revisions"}],"predecessor-version":[{"id":256,"href":"https:\/\/confident-liskov.80-74-137-74.plesk.page\/index.php\/wp-json\/wp\/v2\/pages\/251\/revisions\/256"}],"up":[{"embeddable":true,"href":"https:\/\/confident-liskov.80-74-137-74.plesk.page\/index.php\/wp-json\/wp\/v2\/pages\/15"}],"wp:attachment":[{"href":"https:\/\/confident-liskov.80-74-137-74.plesk.page\/index.php\/wp-json\/wp\/v2\/media?parent=251"}],"curies":[{"name":"wp","href":"https:\/\/api.w.org\/{rel}","templated":true}]}}