{"id":51,"date":"2022-12-07T13:53:12","date_gmt":"2022-12-07T13:53:12","guid":{"rendered":"https:\/\/confident-liskov.80-74-137-74.plesk.page\/?page_id=51"},"modified":"2023-01-30T15:08:14","modified_gmt":"2023-01-30T15:08:14","slug":"32n-08w-marokko-nana-minze","status":"publish","type":"page","link":"https:\/\/confident-liskov.80-74-137-74.plesk.page\/index.php\/collection\/32n-08w-marokko-nana-minze\/","title":{"rendered":"32\u00b0N 08\u00b0W &#8211; Marokko &#8211; Nana Minze"},"content":{"rendered":"\n<p id=\"u9071-3\">&nbsp;<\/p>\n\n\n\n<div class=\"wp-block-columns is-layout-flex wp-container-core-columns-is-layout-28f84493 wp-block-columns-is-layout-flex\">\n<div class=\"wp-block-column is-layout-flow wp-block-column-is-layout-flow\">\n<h2 class=\"wp-block-heading\" id=\"u9071-2\">Akkord I &#8211; Sacred Hospitality<\/h2>\n\n\n\n<p id=\"u9071-5\">Gastfreundschaft ist in der Region um Marrakesch heilig und zeichnet sich auch in vielen Traditionen ab. Eine ist die Teezeremonie, welche \u00fcblicherweise vom Familienoberhaupt durchgef\u00fchrt wird. Frischer Tee aus Nana Minze und Zucker wird zubereitet und den G\u00e4sten serviert. Dessen frischer, doch auch s\u00fcsslich-aromatischer Duft vermischt sich mit dem zart-fruchtigen Aroma der Wassermelonen, die dazu gereicht werden, und schafft das ideale Ambiente, um die neuesten Geschichten auszutauschen. Drei Aufg\u00fcsse gibt es, dann verabschiedet man sich, so will es die Tradition.<\/p>\n<\/div>\n\n\n\n<div class=\"wp-block-column is-layout-flow wp-block-column-is-layout-flow\">\n<figure class=\"wp-block-image size-full\"><img loading=\"lazy\" decoding=\"async\" width=\"575\" height=\"402\" src=\"https:\/\/confident-liskov.80-74-137-74.plesk.page\/wp-content\/uploads\/2022\/12\/akkord-i1_hell.jpg\" alt=\"\" class=\"wp-image-46\" srcset=\"https:\/\/confident-liskov.80-74-137-74.plesk.page\/wp-content\/uploads\/2022\/12\/akkord-i1_hell.jpg 575w, https:\/\/confident-liskov.80-74-137-74.plesk.page\/wp-content\/uploads\/2022\/12\/akkord-i1_hell-300x210.jpg 300w\" sizes=\"auto, (max-width: 575px) 100vw, 575px\" \/><\/figure>\n<\/div>\n<\/div>\n\n\n\n<div class=\"wp-block-columns is-layout-flex wp-container-core-columns-is-layout-28f84493 wp-block-columns-is-layout-flex\">\n<div class=\"wp-block-column is-layout-flow wp-block-column-is-layout-flow\">\n<figure class=\"wp-block-image size-full\"><img loading=\"lazy\" decoding=\"async\" width=\"537\" height=\"388\" src=\"https:\/\/confident-liskov.80-74-137-74.plesk.page\/wp-content\/uploads\/2022\/12\/akkord-2_hell.jpg\" alt=\"\" class=\"wp-image-54\" srcset=\"https:\/\/confident-liskov.80-74-137-74.plesk.page\/wp-content\/uploads\/2022\/12\/akkord-2_hell.jpg 537w, https:\/\/confident-liskov.80-74-137-74.plesk.page\/wp-content\/uploads\/2022\/12\/akkord-2_hell-300x217.jpg 300w\" sizes=\"auto, (max-width: 537px) 100vw, 537px\" \/><\/figure>\n<\/div>\n\n\n\n<div class=\"wp-block-column is-layout-flow wp-block-column-is-layout-flow\">\n<h2 class=\"wp-block-heading\" id=\"u9071-2\">Akkord II &#8211; Desert Oasis<\/h2>\n\n\n\n<p><\/p>\n\n\n\n<p>Durch das massive Atlasgebirge einerseits und die mediterranen Einfl\u00fcsse andererseits ist das Klima jener Region extrem, was auch in einer sehr vielf\u00e4ltigen Flora resultiert. An Orten mit regelm\u00e4ssigem Zugang zu Wasser zeigt sich diese in ihrer \u00fcberw\u00e4ltigenden Pracht. Neben der fruchtigen S\u00fcsse von reifen Datteln und Feigen sind diese Pflanzenoasen von den Aromen des fruchtig-krautigen Jasmins, der honig-teeartigen Rosen und der orientalisch-verf\u00fchrerischen Akazienbl\u00fcten charakterisiert, die dort bl\u00fchen. Gleichzeitig gedeiht in jener Gegend auch die Atlaszeder, die f\u00fcr ihr holzig-balsamisches Aroma ber\u00fchmt ist.<\/p>\n<\/div>\n<\/div>\n\n\n\n<div class=\"wp-block-columns is-layout-flex wp-container-core-columns-is-layout-28f84493 wp-block-columns-is-layout-flex\">\n<div class=\"wp-block-column is-layout-flow wp-block-column-is-layout-flow\">\n<h2 class=\"wp-block-heading\" id=\"u9071-2\">Akkord III &#8211; The Story Tellers<\/h2>\n\n\n\n<p>Am Abend wird eine weitere Tradition lebendig \u2013 verschiedene K\u00fcnstler bieten auf den Marktpl\u00e4tzen diverse Attraktionen dar. Darunter sind Geschichtenerz\u00e4hler, deren Erz\u00e4hlungen aufmerksam vom Publikum verfolgt werden, welches das Geh\u00f6rte mitf\u00fchlt, mitlebt und sogleich kommentiert. Doch auch bildlich werden diese Erz\u00e4hlungen zum Leben erweckt. Hennak\u00fcnstler mischen die Bl\u00e4tter des Hennastrauches, welche sich durch s\u00fcsslich-feine, doch auch gr\u00fcn-herbe Noten auszeichnen, mit Wasser. H\u00e4nde, F\u00fcsse oder auch ganze K\u00f6rperpartien werden dann mit tradierten Symbolen und Zeichnungen versehen und halten so das Erz\u00e4hlte fest.<\/p>\n<\/div>\n\n\n\n<div class=\"wp-block-column is-layout-flow wp-block-column-is-layout-flow\">\n<p><\/p>\n\n\n\n<figure class=\"wp-block-image size-full\"><img loading=\"lazy\" decoding=\"async\" width=\"596\" height=\"416\" src=\"https:\/\/confident-liskov.80-74-137-74.plesk.page\/wp-content\/uploads\/2022\/12\/akkord-3_hell.jpg\" alt=\"\" class=\"wp-image-56\" srcset=\"https:\/\/confident-liskov.80-74-137-74.plesk.page\/wp-content\/uploads\/2022\/12\/akkord-3_hell.jpg 596w, https:\/\/confident-liskov.80-74-137-74.plesk.page\/wp-content\/uploads\/2022\/12\/akkord-3_hell-300x209.jpg 300w\" sizes=\"auto, (max-width: 596px) 100vw, 596px\" \/><\/figure>\n<\/div>\n<\/div>\n\n\n\n<div style=\"height:20px\" aria-hidden=\"true\" class=\"wp-block-spacer\"><\/div>\n\n\n\n<div class=\"wp-block-buttons is-content-justification-center is-layout-flex wp-container-core-buttons-is-layout-a89b3969 wp-block-buttons-is-layout-flex\">\n<div class=\"wp-block-button has-custom-font-size is-style-outline has-medium-font-size is-style-outline--1\"><a class=\"wp-block-button__link has-ast-global-color-0-color has-white-background-color has-text-color has-background wp-element-button\" href=\"https:\/\/www.farfalla.ch\/p\/32n-08w-marokko-nana-minze-natural-terroir-perfumes-p82800#tab-0\" style=\"border-radius:0px\">BESTELLEN<\/a><\/div>\n<\/div>\n\n\n\n<hr class=\"wp-block-separator has-text-color has-ast-global-color-4-color has-alpha-channel-opacity has-ast-global-color-4-background-color has-background is-style-wide\"\/>\n\n\n\n<div style=\"height:20px\" aria-hidden=\"true\" class=\"wp-block-spacer\"><\/div>\n\n\n\n<div class=\"wp-block-columns is-layout-flex wp-container-core-columns-is-layout-28f84493 wp-block-columns-is-layout-flex\">\n<div class=\"wp-block-column is-layout-flow wp-block-column-is-layout-flow\">\n<figure class=\"wp-block-image size-full\"><img loading=\"lazy\" decoding=\"async\" width=\"288\" height=\"432\" src=\"https:\/\/confident-liskov.80-74-137-74.plesk.page\/wp-content\/uploads\/2022\/12\/eingefuegtes-bild-800x1200-1.jpg\" alt=\"\" class=\"wp-image-58\" srcset=\"https:\/\/confident-liskov.80-74-137-74.plesk.page\/wp-content\/uploads\/2022\/12\/eingefuegtes-bild-800x1200-1.jpg 288w, https:\/\/confident-liskov.80-74-137-74.plesk.page\/wp-content\/uploads\/2022\/12\/eingefuegtes-bild-800x1200-1-200x300.jpg 200w\" sizes=\"auto, (max-width: 288px) 100vw, 288px\" \/><\/figure>\n<\/div>\n\n\n\n<div class=\"wp-block-column is-layout-flow wp-block-column-is-layout-flow\">\n<p>Delphine Thierry<\/p>\n<\/div>\n<\/div>\n","protected":false},"excerpt":{"rendered":"<p>&nbsp; Akkord I &#8211; Sacred Hospitality Gastfreundschaft ist in der Region um Marrakesch heilig und zeichnet sich auch in vielen Traditionen ab. Eine ist die Teezeremonie, welche \u00fcblicherweise vom Familienoberhaupt durchgef\u00fchrt wird. Frischer Tee aus Nana Minze und Zucker wird zubereitet und den G\u00e4sten serviert. Dessen frischer, doch auch s\u00fcsslich-aromatischer Duft vermischt sich mit dem [&hellip;]<\/p>\n","protected":false},"author":1,"featured_media":0,"parent":15,"menu_order":0,"comment_status":"closed","ping_status":"closed","template":"","meta":{"site-sidebar-layout":"default","site-content-layout":"","ast-site-content-layout":"default","site-content-style":"default","site-sidebar-style":"default","ast-global-header-display":"","ast-banner-title-visibility":"","ast-main-header-display":"","ast-hfb-above-header-display":"","ast-hfb-below-header-display":"","ast-hfb-mobile-header-display":"","site-post-title":"","ast-breadcrumbs-content":"","ast-featured-img":"","footer-sml-layout":"","ast-disable-related-posts":"","theme-transparent-header-meta":"","adv-header-id-meta":"","stick-header-meta":"","header-above-stick-meta":"","header-main-stick-meta":"","header-below-stick-meta":"","astra-migrate-meta-layouts":"default","ast-page-background-enabled":"default","ast-page-background-meta":{"desktop":{"background-color":"var(--ast-global-color-4)","background-image":"","background-repeat":"repeat","background-position":"center center","background-size":"auto","background-attachment":"scroll","background-type":"","background-media":"","overlay-type":"","overlay-color":"","overlay-opacity":"","overlay-gradient":""},"tablet":{"background-color":"","background-image":"","background-repeat":"repeat","background-position":"center center","background-size":"auto","background-attachment":"scroll","background-type":"","background-media":"","overlay-type":"","overlay-color":"","overlay-opacity":"","overlay-gradient":""},"mobile":{"background-color":"","background-image":"","background-repeat":"repeat","background-position":"center center","background-size":"auto","background-attachment":"scroll","background-type":"","background-media":"","overlay-type":"","overlay-color":"","overlay-opacity":"","overlay-gradient":""}},"ast-content-background-meta":{"desktop":{"background-color":"var(--ast-global-color-5)","background-image":"","background-repeat":"repeat","background-position":"center center","background-size":"auto","background-attachment":"scroll","background-type":"","background-media":"","overlay-type":"","overlay-color":"","overlay-opacity":"","overlay-gradient":""},"tablet":{"background-color":"var(--ast-global-color-5)","background-image":"","background-repeat":"repeat","background-position":"center center","background-size":"auto","background-attachment":"scroll","background-type":"","background-media":"","overlay-type":"","overlay-color":"","overlay-opacity":"","overlay-gradient":""},"mobile":{"background-color":"var(--ast-global-color-5)","background-image":"","background-repeat":"repeat","background-position":"center center","background-size":"auto","background-attachment":"scroll","background-type":"","background-media":"","overlay-type":"","overlay-color":"","overlay-opacity":"","overlay-gradient":""}},"footnotes":""},"class_list":["post-51","page","type-page","status-publish","hentry"],"_links":{"self":[{"href":"https:\/\/confident-liskov.80-74-137-74.plesk.page\/index.php\/wp-json\/wp\/v2\/pages\/51","targetHints":{"allow":["GET"]}}],"collection":[{"href":"https:\/\/confident-liskov.80-74-137-74.plesk.page\/index.php\/wp-json\/wp\/v2\/pages"}],"about":[{"href":"https:\/\/confident-liskov.80-74-137-74.plesk.page\/index.php\/wp-json\/wp\/v2\/types\/page"}],"author":[{"embeddable":true,"href":"https:\/\/confident-liskov.80-74-137-74.plesk.page\/index.php\/wp-json\/wp\/v2\/users\/1"}],"replies":[{"embeddable":true,"href":"https:\/\/confident-liskov.80-74-137-74.plesk.page\/index.php\/wp-json\/wp\/v2\/comments?post=51"}],"version-history":[{"count":12,"href":"https:\/\/confident-liskov.80-74-137-74.plesk.page\/index.php\/wp-json\/wp\/v2\/pages\/51\/revisions"}],"predecessor-version":[{"id":247,"href":"https:\/\/confident-liskov.80-74-137-74.plesk.page\/index.php\/wp-json\/wp\/v2\/pages\/51\/revisions\/247"}],"up":[{"embeddable":true,"href":"https:\/\/confident-liskov.80-74-137-74.plesk.page\/index.php\/wp-json\/wp\/v2\/pages\/15"}],"wp:attachment":[{"href":"https:\/\/confident-liskov.80-74-137-74.plesk.page\/index.php\/wp-json\/wp\/v2\/media?parent=51"}],"curies":[{"name":"wp","href":"https:\/\/api.w.org\/{rel}","templated":true}]}}